{"id":175,"date":"2015-01-25T22:57:08","date_gmt":"2015-01-25T22:57:08","guid":{"rendered":"http:\/\/www.cernyfaun.cz\/?page_id=175"},"modified":"2016-01-14T20:49:12","modified_gmt":"2016-01-14T20:49:12","slug":"nase-fenyour-bitchs","status":"publish","type":"page","link":"https:\/\/www.cernyfaun.cz\/?page_id=175","title":{"rendered":"na\u0161e feny\/our bitches"},"content":{"rendered":"<table>\n<tbody>\n<tr>\n<td style=\"text-align: center;\"><strong><span style=\"font-size: 12pt;\">na\u0161e feny<\/span><\/strong><\/td>\n<\/tr>\n<tr>\n<td><a href=\"http:\/\/www.cernyfaun.cz\/wp-content\/uploads\/2015\/01\/sisi47.jpg\"><img loading=\"lazy\" decoding=\"async\" class=\"aligncenter  wp-image-184\" src=\"http:\/\/www.cernyfaun.cz\/wp-content\/uploads\/2015\/01\/sisi47-286x300.jpg\" alt=\"sisi47\" width=\"191\" height=\"200\" srcset=\"https:\/\/www.cernyfaun.cz\/wp-content\/uploads\/2015\/01\/sisi47-286x300.jpg 286w, https:\/\/www.cernyfaun.cz\/wp-content\/uploads\/2015\/01\/sisi47-978x1024.jpg 978w, https:\/\/www.cernyfaun.cz\/wp-content\/uploads\/2015\/01\/sisi47.jpg 992w\" sizes=\"(max-width: 191px) 100vw, 191px\" \/><\/a><\/td>\n<\/tr>\n<tr>\n<td style=\"text-align: center;\"><a title=\"Ifig\u00e9nia Isis \u010cern\u00fd faun\" href=\"http:\/\/www.cernyfaun.cz\/?page_id=331\"><strong>IFIG\u00c9NIA ISIS (S\u00edsa)<\/strong><\/a><\/td>\n<\/tr>\n<\/tbody>\n<\/table>\n","protected":false},"excerpt":{"rendered":"<p>na\u0161e feny IFIG\u00c9NIA ISIS (S\u00edsa)<\/p>\n","protected":false},"author":2,"featured_media":0,"parent":32,"menu_order":2,"comment_status":"closed","ping_status":"closed","template":"","meta":{"_monsterinsights_skip_tracking":false,"_monsterinsights_sitenote_active":false,"_monsterinsights_sitenote_note":"","_monsterinsights_sitenote_category":0,"footnotes":""},"_links":{"self":[{"href":"https:\/\/www.cernyfaun.cz\/index.php?rest_route=\/wp\/v2\/pages\/175"}],"collection":[{"href":"https:\/\/www.cernyfaun.cz\/index.php?rest_route=\/wp\/v2\/pages"}],"about":[{"href":"https:\/\/www.cernyfaun.cz\/index.php?rest_route=\/wp\/v2\/types\/page"}],"author":[{"embeddable":true,"href":"https:\/\/www.cernyfaun.cz\/index.php?rest_route=\/wp\/v2\/users\/2"}],"replies":[{"embeddable":true,"href":"https:\/\/www.cernyfaun.cz\/index.php?rest_route=%2Fwp%2Fv2%2Fcomments&post=175"}],"version-history":[{"count":15,"href":"https:\/\/www.cernyfaun.cz\/index.php?rest_route=\/wp\/v2\/pages\/175\/revisions"}],"predecessor-version":[{"id":1118,"href":"https:\/\/www.cernyfaun.cz\/index.php?rest_route=\/wp\/v2\/pages\/175\/revisions\/1118"}],"up":[{"embeddable":true,"href":"https:\/\/www.cernyfaun.cz\/index.php?rest_route=\/wp\/v2\/pages\/32"}],"wp:attachment":[{"href":"https:\/\/www.cernyfaun.cz\/index.php?rest_route=%2Fwp%2Fv2%2Fmedia&parent=175"}],"curies":[{"name":"wp","href":"https:\/\/api.w.org\/{rel}","templated":true}]}}