{"id":2,"date":"2014-09-15T05:54:19","date_gmt":"2014-09-15T05:54:19","guid":{"rendered":"http:\/\/www.cernyfaun.cz\/?page_id=2"},"modified":"2015-02-02T19:09:20","modified_gmt":"2015-02-02T19:09:20","slug":"sample-page","status":"publish","type":"page","link":"https:\/\/www.cernyfaun.cz\/?page_id=2","title":{"rendered":"O N\u00c1S"},"content":{"rendered":"<p><img loading=\"lazy\" decoding=\"async\" class=\"aligncenter  wp-image-77\" src=\"http:\/\/www.cernyfaun.cz\/wp-content\/uploads\/2014\/12\/cernyfaun1-e1420234340301-300x139.jpg\" alt=\"cernyfaun\" width=\"673\" height=\"312\" srcset=\"https:\/\/www.cernyfaun.cz\/wp-content\/uploads\/2014\/12\/cernyfaun1-e1420234340301-300x139.jpg 300w, https:\/\/www.cernyfaun.cz\/wp-content\/uploads\/2014\/12\/cernyfaun1-e1420234340301.jpg 992w\" sizes=\"(max-width: 673px) 100vw, 673px\" \/><\/p>\n<p><span style=\"font-family: 'comic sans ms', sans-serif; font-size: 12pt;\">Chovatelsk\u00e1 stanice <a href=\"http:\/\/www.cernyfaun.cz\/\">\u010cERN\u00dd FAUN <\/a>vznikla v roce 1987. V t\u00e9to dob\u011b jsme m\u011bli jednu fenku bearded coliie, kter\u00e1 se stala zakladatelkou na\u0161eho chovu. Postupn\u011b p\u0159ibyly dal\u0161\u00ed beardetky, a\u0165 u\u017e importovan\u00e9 nebo na\u0161eho chovu. Posledn\u00ed vrh beardetek se narodil v roce 2008. Mezit\u00edm jsme se za\u010dali v\u011bnovat parson russell terri\u00e9r\u016fm, kter\u00fdm jsme z\u016fstali v\u011brni dodnes. Mus\u00edm zde tak\u00e9 zm\u00ednit n\u011bkolik m\u00e1lo vrh\u016f australsk\u00fdch silky teri\u00e9r\u016f, kte\u0159\u00ed d\u011blali spole\u010dnost na\u0161emu synovi. <\/span><\/p>\n<p><span style=\"font-family: 'comic sans ms', sans-serif; font-size: 12pt;\">V na\u0161\u00ed chovatelsk\u00e9 stanici v\u017edy d\u00e1v\u00e1me p\u0159ednost kvalit\u011b, zdrav\u00ed a psychick\u00e9 pohod\u011b p\u0159ed kvantitou. Doma m\u00e1me v\u017edy jen tolik ps\u016f, kolik m\u00e1me rukou na hlazen\u00ed. Krom\u011b t\u011bch, kte\u0159\u00ed \u017eij\u00ed p\u0159\u00edmo s n\u00e1mi doma, jsme majiteli nebo spolumajiteli dal\u0161\u00edch ps\u016f, kte\u0159\u00ed \u017eij\u00ed se sv\u00fdmi p\u00e1ne\u010dky. \u0160t\u011b\u0148\u00e1tka odchov\u00e1v\u00e1me cca 1x a\u017e 2x do roka, spojen\u00ed v\u017edy pe\u010dliv\u011b pl\u00e1nujeme a vyb\u00edr\u00e1me. \u010casto jezd\u00edme na kryt\u00ed do zahrani\u010d\u00ed, tak\u017ee na\u0161e \u0161t\u011b\u0148\u00e1tka jsou \u010d\u00e1ste\u010dn\u011b nep\u0159\u00edbuzn\u00e1 s chovatelskou z\u00e1kladnou v \u010cesk\u00e9 republice. Na\u0161e \u0161t\u011b\u0148\u00e1tka jsou v\u017edy odchov\u00e1v\u00e1na v ob\u00fdvac\u00edm pokoji spole\u010dn\u011b s rodinou a posl\u00e9ze s celou sme\u010dkou. Od n\u00e1s \u0161t\u011b\u0148\u00e1tka odch\u00e1zej\u00ed pravideln\u011b od\u010dervovan\u00e1, o\u010dkovan\u00e1, \u010dipovan\u00e1 s vystaven\u00fdm Pet pasem, krmen\u00edm pro prvn\u00ed dny, obojkem a vod\u00edtkem a tak\u00e9 malou hra\u010dkou. S nov\u00fdmi majiteli r\u00e1di z\u016fst\u00e1v\u00e1me v kontaktu, z \u010d\u00e1sti z nich se stali na\u0161i p\u0159\u00e1tel\u00e9. Nikoho nenut\u00edme do v\u00fdstav, pracovn\u00edch aktivit a podobn\u011b, ale pokud o to nov\u00ed majitel\u00e9 maj\u00ed z\u00e1jem, r\u00e1di jim s t\u011bmito aktivitami pom\u016f\u017eeme. <\/span><\/p>\n<p><span style=\"font-family: 'comic sans ms', sans-serif; font-size: 12pt;\">Hlavn\u00ed prioritou je spokojenost na\u0161eho \u0161t\u011b\u0148\u00e1tka i jeho nov\u00e9 rodiny! <\/span><\/p>\n","protected":false},"excerpt":{"rendered":"<p>Chovatelsk\u00e1 stanice \u010cERN\u00dd FAUN vznikla v roce 1987. V t\u00e9to dob\u011b jsme m\u011bli jednu fenku bearded coliie, kter\u00e1 se stala zakladatelkou na\u0161eho chovu. Postupn\u011b p\u0159ibyly dal\u0161\u00ed beardetky, a\u0165 u\u017e importovan\u00e9 nebo na\u0161eho chovu. Posledn\u00ed vrh beardetek se narodil v roce 2008. Mezit\u00edm jsme se za\u010dali v\u011bnovat parson russell terri\u00e9r\u016fm, kter\u00fdm jsme z\u016fstali v\u011brni dodnes. Mus\u00edm &hellip; <a href=\"https:\/\/www.cernyfaun.cz\/?page_id=2\" class=\"more-link\">Pokra\u010dov\u00e1n\u00ed textu <span class=\"screen-reader-text\">O N\u00c1S<\/span><\/a><\/p>\n","protected":false},"author":1,"featured_media":0,"parent":0,"menu_order":0,"comment_status":"closed","ping_status":"closed","template":"","meta":{"_monsterinsights_skip_tracking":false,"_monsterinsights_sitenote_active":false,"_monsterinsights_sitenote_note":"","_monsterinsights_sitenote_category":0,"footnotes":""},"_links":{"self":[{"href":"https:\/\/www.cernyfaun.cz\/index.php?rest_route=\/wp\/v2\/pages\/2"}],"collection":[{"href":"https:\/\/www.cernyfaun.cz\/index.php?rest_route=\/wp\/v2\/pages"}],"about":[{"href":"https:\/\/www.cernyfaun.cz\/index.php?rest_route=\/wp\/v2\/types\/page"}],"author":[{"embeddable":true,"href":"https:\/\/www.cernyfaun.cz\/index.php?rest_route=\/wp\/v2\/users\/1"}],"replies":[{"embeddable":true,"href":"https:\/\/www.cernyfaun.cz\/index.php?rest_route=%2Fwp%2Fv2%2Fcomments&post=2"}],"version-history":[{"count":10,"href":"https:\/\/www.cernyfaun.cz\/index.php?rest_route=\/wp\/v2\/pages\/2\/revisions"}],"predecessor-version":[{"id":651,"href":"https:\/\/www.cernyfaun.cz\/index.php?rest_route=\/wp\/v2\/pages\/2\/revisions\/651"}],"wp:attachment":[{"href":"https:\/\/www.cernyfaun.cz\/index.php?rest_route=%2Fwp%2Fv2%2Fmedia&parent=2"}],"curies":[{"name":"wp","href":"https:\/\/api.w.org\/{rel}","templated":true}]}}