{"id":212,"date":"2015-01-28T09:12:59","date_gmt":"2015-01-28T09:12:59","guid":{"rendered":"http:\/\/www.cernyfaun.cz\/?page_id=212"},"modified":"2016-01-14T21:15:34","modified_gmt":"2016-01-14T21:15:34","slug":"vzpominamein-loving-memory","status":"publish","type":"page","link":"https:\/\/www.cernyfaun.cz\/?page_id=212","title":{"rendered":"vzpom\u00edn\u00e1me\/in loving memory"},"content":{"rendered":"<table>\n<tbody>\n<tr>\n<td style=\"text-align: center;\"><\/td>\n<td style=\"text-align: center;\"><a href=\"http:\/\/www.cernyfaun.cz\/wp-content\/uploads\/ginger4-150x1501.jpg\"><img loading=\"lazy\" decoding=\"async\" class=\"aligncenter  wp-image-533\" src=\"http:\/\/www.cernyfaun.cz\/wp-content\/uploads\/ginger4-150x1501.jpg\" alt=\"ginger4-150x1501\" width=\"200\" height=\"200\" \/><\/a><\/td>\n<td style=\"text-align: center;\"><a href=\"http:\/\/www.cernyfaun.cz\/wp-content\/uploads\/nemesis13-150x1501.jpg\"><img loading=\"lazy\" decoding=\"async\" class=\"aligncenter  wp-image-639\" src=\"http:\/\/www.cernyfaun.cz\/wp-content\/uploads\/nemesis13-150x1501.jpg\" alt=\"nemesis13-150x1501\" width=\"200\" height=\"200\" \/><\/a><\/td>\n<\/tr>\n<tr>\n<td style=\"text-align: center;\"><\/td>\n<td style=\"text-align: center;\">\u00a0<a title=\"GINGER \u010cERN\u00dd FAUN\" href=\"http:\/\/www.cernyfaun.cz\/?page_id=333\">Ginger \u010cern\u00fd faun<\/a><\/td>\n<td style=\"text-align: center;\"><a title=\"NEMESIS \u010cERN\u00dd FAUN\" href=\"http:\/\/www.cernyfaun.cz\/?page_id=329\">Nemesis \u010cern\u00fd faun<\/a><\/td>\n<\/tr>\n<tr>\n<td><a href=\"http:\/\/www.cernyfaun.cz\/wp-content\/uploads\/2015\/01\/poly18.jpg\"><img loading=\"lazy\" decoding=\"async\" class=\"aligncenter  wp-image-217\" src=\"http:\/\/www.cernyfaun.cz\/wp-content\/uploads\/2015\/01\/poly18-198x300.jpg\" alt=\"poly18\" width=\"129\" height=\"196\" srcset=\"https:\/\/www.cernyfaun.cz\/wp-content\/uploads\/2015\/01\/poly18-198x300.jpg 198w, https:\/\/www.cernyfaun.cz\/wp-content\/uploads\/2015\/01\/poly18-677x1024.jpg 677w, https:\/\/www.cernyfaun.cz\/wp-content\/uploads\/2015\/01\/poly18.jpg 850w\" sizes=\"(max-width: 129px) 100vw, 129px\" \/><\/a><\/td>\n<td><a href=\"http:\/\/www.cernyfaun.cz\/wp-content\/uploads\/2015\/01\/fram17.jpg\"><img loading=\"lazy\" decoding=\"async\" class=\"aligncenter size-medium wp-image-215\" src=\"http:\/\/www.cernyfaun.cz\/wp-content\/uploads\/2015\/01\/fram17-300x200.jpg\" alt=\"fram17\" width=\"300\" height=\"200\" srcset=\"https:\/\/www.cernyfaun.cz\/wp-content\/uploads\/2015\/01\/fram17-300x200.jpg 300w, https:\/\/www.cernyfaun.cz\/wp-content\/uploads\/2015\/01\/fram17.jpg 425w\" sizes=\"(max-width: 300px) 100vw, 300px\" \/><\/a><\/td>\n<td><a href=\"http:\/\/www.cernyfaun.cz\/wp-content\/uploads\/2015\/01\/jingle13.jpg\"><img loading=\"lazy\" decoding=\"async\" class=\"aligncenter  wp-image-225\" src=\"http:\/\/www.cernyfaun.cz\/wp-content\/uploads\/2015\/01\/jingle13-300x201.jpg\" alt=\"jingle13\" width=\"298\" height=\"200\" srcset=\"https:\/\/www.cernyfaun.cz\/wp-content\/uploads\/2015\/01\/jingle13-300x201.jpg 300w, https:\/\/www.cernyfaun.cz\/wp-content\/uploads\/2015\/01\/jingle13.jpg 567w\" sizes=\"(max-width: 298px) 100vw, 298px\" \/><\/a><\/td>\n<\/tr>\n<tr>\n<td style=\"text-align: center;\"><a title=\"APOLENKA SILKY \u010cERN\u00dd FAUN\" href=\"http:\/\/www.cernyfaun.cz\/?page_id=351\">Apolenka Silky \u010cern\u00fd faun<\/a><\/td>\n<td style=\"text-align: center;\"><a title=\"FRAM Z KOL\u00c1\u010cKOVA RAN\u010cE\" href=\"http:\/\/www.cernyfaun.cz\/?page_id=347\">Fram z Kol\u00e1\u010dkova ran\u010de<\/a><\/td>\n<td style=\"text-align: center;\"><a title=\"JINGLE BELL \u010cERN\u00dd FAUN\" href=\"http:\/\/www.cernyfaun.cz\/?page_id=355\">Jingle Bell \u010cern\u00fd faun<\/a><\/td>\n<\/tr>\n<tr>\n<td><a href=\"http:\/\/www.cernyfaun.cz\/wp-content\/uploads\/2015\/01\/hooper2.jpg\"><img loading=\"lazy\" decoding=\"async\" class=\"aligncenter  wp-image-224\" src=\"http:\/\/www.cernyfaun.cz\/wp-content\/uploads\/2015\/01\/hooper2.jpg\" alt=\"hooper2\" width=\"274\" height=\"202\" \/><\/a><\/td>\n<td><a href=\"http:\/\/www.cernyfaun.cz\/wp-content\/uploads\/2015\/01\/rose2.jpg\"><img loading=\"lazy\" decoding=\"async\" class=\"aligncenter  wp-image-213\" src=\"http:\/\/www.cernyfaun.cz\/wp-content\/uploads\/2015\/01\/rose2-252x300.jpg\" alt=\"rose2\" width=\"167\" height=\"199\" srcset=\"https:\/\/www.cernyfaun.cz\/wp-content\/uploads\/2015\/01\/rose2-252x300.jpg 252w, https:\/\/www.cernyfaun.cz\/wp-content\/uploads\/2015\/01\/rose2.jpg 375w\" sizes=\"(max-width: 167px) 100vw, 167px\" \/><\/a><\/td>\n<td><a href=\"http:\/\/www.cernyfaun.cz\/wp-content\/uploads\/amabel2.jpg\"><img loading=\"lazy\" decoding=\"async\" class=\"aligncenter  wp-image-396\" src=\"http:\/\/www.cernyfaun.cz\/wp-content\/uploads\/amabel2-256x300.jpg\" alt=\"amabel2\" width=\"175\" height=\"205\" srcset=\"https:\/\/www.cernyfaun.cz\/wp-content\/uploads\/amabel2-256x300.jpg 256w, https:\/\/www.cernyfaun.cz\/wp-content\/uploads\/amabel2.jpg 551w\" sizes=\"(max-width: 175px) 100vw, 175px\" \/><\/a><\/td>\n<\/tr>\n<tr>\n<td style=\"text-align: center;\"><a title=\"HOOPER \u010cERN\u00dd FAUN\" href=\"http:\/\/www.cernyfaun.cz\/?page_id=357\">Hooper \u010cern\u00fd faun<\/a><\/td>\n<td style=\"text-align: center;\"><a title=\"ROSE JACK INTERRIS\" href=\"http:\/\/www.cernyfaun.cz\/?page_id=353\">Rose Jack Interris<\/a><\/td>\n<td style=\"text-align: center;\">Amabel Bohemia Alk\u00e9<\/td>\n<\/tr>\n<tr>\n<td style=\"text-align: center;\"><a href=\"http:\/\/www.cernyfaun.cz\/wp-content\/uploads\/2015\/01\/cora2.jpg\"><img loading=\"lazy\" decoding=\"async\" class=\"aligncenter  wp-image-228\" src=\"http:\/\/www.cernyfaun.cz\/wp-content\/uploads\/2015\/01\/cora2-300x192.jpg\" alt=\"cora2\" width=\"355\" height=\"227\" srcset=\"https:\/\/www.cernyfaun.cz\/wp-content\/uploads\/2015\/01\/cora2-300x192.jpg 300w, https:\/\/www.cernyfaun.cz\/wp-content\/uploads\/2015\/01\/cora2.jpg 347w\" sizes=\"(max-width: 355px) 100vw, 355px\" \/><\/a><\/td>\n<td style=\"text-align: center;\"><a href=\"http:\/\/www.cernyfaun.cz\/wp-content\/uploads\/2015\/01\/evora2.jpg\"><img loading=\"lazy\" decoding=\"async\" class=\"aligncenter  wp-image-227\" src=\"http:\/\/www.cernyfaun.cz\/wp-content\/uploads\/2015\/01\/evora2-259x300.jpg\" alt=\"evora2\" width=\"200\" height=\"232\" srcset=\"https:\/\/www.cernyfaun.cz\/wp-content\/uploads\/2015\/01\/evora2-259x300.jpg 259w, https:\/\/www.cernyfaun.cz\/wp-content\/uploads\/2015\/01\/evora2.jpg 775w\" sizes=\"(max-width: 200px) 100vw, 200px\" \/><\/a><\/td>\n<td style=\"text-align: center;\"><a href=\"http:\/\/www.cernyfaun.cz\/wp-content\/uploads\/2015\/01\/dutch2.jpg\"><img loading=\"lazy\" decoding=\"async\" class=\"aligncenter  wp-image-226\" src=\"http:\/\/www.cernyfaun.cz\/wp-content\/uploads\/2015\/01\/dutch2-196x300.jpg\" alt=\"dutch2\" width=\"152\" height=\"233\" srcset=\"https:\/\/www.cernyfaun.cz\/wp-content\/uploads\/2015\/01\/dutch2-196x300.jpg 196w, https:\/\/www.cernyfaun.cz\/wp-content\/uploads\/2015\/01\/dutch2-670x1024.jpg 670w, https:\/\/www.cernyfaun.cz\/wp-content\/uploads\/2015\/01\/dutch2.jpg 1083w\" sizes=\"(max-width: 152px) 100vw, 152px\" \/><\/a><\/td>\n<\/tr>\n<tr>\n<td style=\"text-align: center;\">D\u00e9rzsih\u00e1zy Gy\u00f6ngy Old Cora<\/td>\n<td style=\"text-align: center;\">Evora Modr\u00e1<\/td>\n<td style=\"text-align: center;\">Dutch Modr\u00e1<\/td>\n<\/tr>\n<\/tbody>\n<\/table>\n<p style=\"text-align: center;\">\n","protected":false},"excerpt":{"rendered":"<p>\u00a0Ginger \u010cern\u00fd faun Nemesis \u010cern\u00fd faun Apolenka Silky \u010cern\u00fd faun Fram z Kol\u00e1\u010dkova ran\u010de Jingle Bell \u010cern\u00fd faun Hooper \u010cern\u00fd faun Rose Jack Interris Amabel Bohemia Alk\u00e9 D\u00e9rzsih\u00e1zy Gy\u00f6ngy Old Cora Evora Modr\u00e1 Dutch Modr\u00e1<\/p>\n","protected":false},"author":2,"featured_media":0,"parent":32,"menu_order":3,"comment_status":"open","ping_status":"open","template":"","meta":{"_monsterinsights_skip_tracking":false,"_monsterinsights_sitenote_active":false,"_monsterinsights_sitenote_note":"","_monsterinsights_sitenote_category":0,"footnotes":""},"_links":{"self":[{"href":"https:\/\/www.cernyfaun.cz\/index.php?rest_route=\/wp\/v2\/pages\/212"}],"collection":[{"href":"https:\/\/www.cernyfaun.cz\/index.php?rest_route=\/wp\/v2\/pages"}],"about":[{"href":"https:\/\/www.cernyfaun.cz\/index.php?rest_route=\/wp\/v2\/types\/page"}],"author":[{"embeddable":true,"href":"https:\/\/www.cernyfaun.cz\/index.php?rest_route=\/wp\/v2\/users\/2"}],"replies":[{"embeddable":true,"href":"https:\/\/www.cernyfaun.cz\/index.php?rest_route=%2Fwp%2Fv2%2Fcomments&post=212"}],"version-history":[{"count":10,"href":"https:\/\/www.cernyfaun.cz\/index.php?rest_route=\/wp\/v2\/pages\/212\/revisions"}],"predecessor-version":[{"id":1127,"href":"https:\/\/www.cernyfaun.cz\/index.php?rest_route=\/wp\/v2\/pages\/212\/revisions\/1127"}],"up":[{"embeddable":true,"href":"https:\/\/www.cernyfaun.cz\/index.php?rest_route=\/wp\/v2\/pages\/32"}],"wp:attachment":[{"href":"https:\/\/www.cernyfaun.cz\/index.php?rest_route=%2Fwp%2Fv2%2Fmedia&parent=212"}],"curies":[{"name":"wp","href":"https:\/\/api.w.org\/{rel}","templated":true}]}}