{"id":280,"date":"2015-01-30T13:06:12","date_gmt":"2015-01-30T13:06:12","guid":{"rendered":"http:\/\/www.cernyfaun.cz\/?page_id=280"},"modified":"2015-03-01T16:55:46","modified_gmt":"2015-03-01T16:55:46","slug":"newton-cerny-faun","status":"publish","type":"page","link":"https:\/\/www.cernyfaun.cz\/?page_id=280","title":{"rendered":"NEWTON \u010cERN\u00dd FAUN"},"content":{"rendered":"<p style=\"text-align: center;\"><a href=\"http:\/\/www.cernyfaun.cz\/wp-content\/uploads\/2015\/01\/newton12.jpg\"><img loading=\"lazy\" decoding=\"async\" class=\"aligncenter size-medium wp-image-202\" src=\"http:\/\/www.cernyfaun.cz\/wp-content\/uploads\/2015\/01\/newton12-280x300.jpg\" alt=\"newton12\" width=\"280\" height=\"300\" srcset=\"https:\/\/www.cernyfaun.cz\/wp-content\/uploads\/2015\/01\/newton12-280x300.jpg 280w, https:\/\/www.cernyfaun.cz\/wp-content\/uploads\/2015\/01\/newton12-956x1024.jpg 956w\" sizes=\"(max-width: 280px) 100vw, 280px\" \/><\/a><\/p>\n<p style=\"text-align: center;\"><strong>NEWTON \u010cERN\u00dd FAUN<\/strong><\/p>\n<p style=\"text-align: center;\"><span style=\"font-size: 10pt;\">(SPOLUMAJITEL\/CO-OWNER: LENKA MELOUNOV\u00c1)<\/span><\/p>\n<div class=\"main-container\">\n<div id=\"page\" class=\"single\">\n<div class=\"content\">\n<article class=\"article\">\n<div id=\"content_box\">\n<div id=\"post-32\" class=\"post-32 page type-page status-publish hentry g post\">\n<div class=\"single_page\">\n<div class=\"post-content box mark-links\">\n<p style=\"text-align: center;\"><strong>* 23.11.2011, 37 cm, plnochrup\u00fd\/full teeth, chovn\u00fd pes\/stud dog<\/strong><\/p>\n<p style=\"text-align: center;\"><strong>PL 0\/0, o\u010dn\u00ed testy negativn\u00ed, PLL\/LOA\/SCA clear<\/strong><\/p>\n<p style=\"text-align: center;\"><strong>\u010cesk\u00fd \u0161ampion mlad\u00fdch\/Czech Junior Champion<\/strong><\/p>\n<p style=\"text-align: center;\"><strong>\u010cesk\u00fd klubov\u00fd \u0161ampion mlad\u00fdch\/Czech Club Junior Champion<\/strong><\/p>\n<p style=\"text-align: center;\"><strong>Klubov\u00fd v\u00edt\u011bz\/Club winner<\/strong><\/p>\n<table class=\"aligncenter\" border=\"4\" width=\"90 %\" cellpadding=\"0\">\n<caption align=\"top\"><span style=\"color: blue; font-size: large;\"><br \/>\n<span style=\"color: #000000; font-size: 12pt;\"><b>rodokmen\/pedigree:<\/b><\/span><\/span><\/caption>\n<tbody>\n<tr>\n<td rowspan=\"8\" width=\"160\"><span style=\"color: #000000; font-size: 10pt;\"><b>MultiCh. Nado Shiz&#8217;s Qougar<\/b><\/span><\/td>\n<td rowspan=\"4\" width=\"160\"><span style=\"color: #000000; font-size: 10pt;\"><b>MultiCh. Kinapak Saf Marston<\/b><\/span><\/td>\n<td rowspan=\"2\" width=\"160\"><span style=\"color: #000000; font-size: 10pt;\"><b>Heytrop Trailblazer<\/b><\/span><\/td>\n<td width=\"200\"><span style=\"color: #000000; font-size: 8pt;\"><b>&#8212;-<\/b><\/span><\/td>\n<\/tr>\n<tr>\n<td width=\"200\"><span style=\"color: #000000; font-size: 8pt;\"><b>&#8212;-<\/b><\/span><\/td>\n<\/tr>\n<tr>\n<td rowspan=\"2\" width=\"160\"><span style=\"color: #000000; font-size: 10pt;\"><b>Kinapak Net Saffron<\/b><\/span><\/td>\n<td width=\"200\"><span style=\"color: #000000; font-size: 8pt;\"><b>Ring Tall Falcon<\/b><\/span><\/td>\n<\/tr>\n<tr>\n<td width=\"200\"><span style=\"color: #000000; font-size: 8pt;\"><b>Ring Tall Nette<\/b><\/span><\/td>\n<\/tr>\n<tr>\n<td rowspan=\"4\" width=\"160\"><span style=\"color: #000000; font-size: 10pt;\"><b>MultiCh. Nado Shiz&#8217;s Initra-Icoultchina<\/b><\/span><\/td>\n<td rowspan=\"2\" width=\"160\"><span style=\"color: #000000; font-size: 10pt;\"><b>MultiCh., IntCh. Ratpack Fabian<\/b><\/span><\/td>\n<td width=\"200\"><span style=\"color: #000000; font-size: 8pt;\"><b>Ratpack Rattlesnake<\/b><\/span><\/td>\n<\/tr>\n<tr>\n<td width=\"200\"><span style=\"color: #000000; font-size: 8pt;\"><b>Ratpack Diamond&#8217;s Return<\/b><\/span><\/td>\n<\/tr>\n<tr>\n<td rowspan=\"2\" width=\"160\"><span style=\"color: #000000; font-size: 10pt;\"><b>Ch. Minnepy&#8217;s Watch Me Now Nado Shiz<\/b><\/span><\/td>\n<td width=\"200\"><span style=\"color: #000000; font-size: 8pt;\"><b>Emblazy&#8217;s Always Be On Target<\/b><\/span><\/td>\n<\/tr>\n<tr>\n<td width=\"200\"><span style=\"color: #000000; font-size: 8pt;\"><b>Minnepy&#8217;s Cicci<\/b><\/span><\/td>\n<\/tr>\n<tr>\n<td rowspan=\"8\" width=\"160\"><span style=\"color: #000000; font-size: 10pt;\"><b>Ch. Count on me of Sweet Surprise<\/b><\/span><\/td>\n<td rowspan=\"4\" width=\"160\"><span style=\"color: #000000; font-size: 10pt;\"><b>MultiCh. DJ vom Mahdenwald<\/b><\/span><\/td>\n<td rowspan=\"2\" width=\"160\"><span style=\"color: #000000; font-size: 10pt;\"><b>Balko vom Seewald<\/b><\/span><\/td>\n<td width=\"200\"><span style=\"color: #000000; font-size: 8pt;\"><b>Ch. Rednock Lemon Luck<\/b><\/span><\/td>\n<\/tr>\n<tr>\n<td width=\"200\"><span style=\"color: #000000; font-size: 8pt;\"><b>Limerick&#8217;s Cerry Sue<\/b><\/span><\/td>\n<\/tr>\n<tr>\n<td rowspan=\"2\" width=\"160\"><span style=\"color: #000000; font-size: 10pt;\"><b>Ch. Moonfire<\/b><\/span><\/td>\n<td width=\"200\"><span style=\"color: #000000; font-size: 8pt;\"><b>Ch. Mc William&#8217;s Mr Red Nock<\/b><\/span><\/td>\n<\/tr>\n<tr>\n<td width=\"200\"><span style=\"color: #000000; font-size: 8pt;\"><b>Tess<\/b><\/span><\/td>\n<\/tr>\n<tr>\n<td rowspan=\"4\" width=\"160\"><span style=\"color: #000000; font-size: 10pt;\"><b>Ch. Norlund Nicola<\/b><\/span><\/td>\n<td rowspan=\"2\" width=\"160\"><span style=\"color: #000000; font-size: 10pt;\"><b>Barsetta Want To Be Buster<\/b><\/span><\/td>\n<td width=\"200\"><span style=\"color: #000000; font-size: 8pt;\"><b>Barsetta Wampire<\/b><\/span><\/td>\n<\/tr>\n<tr>\n<td width=\"200\"><span style=\"color: #000000; font-size: 8pt;\"><b>Barsetta X-Cite<\/b><\/span><\/td>\n<\/tr>\n<tr>\n<td rowspan=\"2\" width=\"160\"><span style=\"color: #000000; font-size: 10pt;\"><b>Ch. Norlund Duchess<\/b><\/span><\/td>\n<td width=\"200\"><span style=\"color: #000000; font-size: 8pt;\"><b>Domingo Never The Last<\/b><\/span><\/td>\n<\/tr>\n<tr>\n<td width=\"200\"><span style=\"color: #000000; font-size: 8pt;\"><b>Ch. CWM Cadno Topsy<\/b><\/span><\/td>\n<\/tr>\n<\/tbody>\n<\/table>\n<\/div>\n<\/div>\n<\/div>\n<\/div>\n<\/article>\n<\/div>\n<\/div>\n<\/div>\n","protected":false},"excerpt":{"rendered":"<p>NEWTON \u010cERN\u00dd FAUN (SPOLUMAJITEL\/CO-OWNER: LENKA MELOUNOV\u00c1) * 23.11.2011, 37 cm, plnochrup\u00fd\/full teeth, chovn\u00fd pes\/stud dog PL 0\/0, o\u010dn\u00ed testy negativn\u00ed, PLL\/LOA\/SCA clear \u010cesk\u00fd \u0161ampion mlad\u00fdch\/Czech Junior Champion \u010cesk\u00fd klubov\u00fd \u0161ampion mlad\u00fdch\/Czech Club Junior Champion Klubov\u00fd v\u00edt\u011bz\/Club winner rodokmen\/pedigree: MultiCh. Nado Shiz&#8217;s Qougar MultiCh. Kinapak Saf Marston Heytrop Trailblazer &#8212;- &#8212;- Kinapak Net Saffron Ring Tall &hellip; <a href=\"https:\/\/www.cernyfaun.cz\/?page_id=280\" class=\"more-link\">Pokra\u010dov\u00e1n\u00ed textu <span class=\"screen-reader-text\">NEWTON \u010cERN\u00dd FAUN<\/span><\/a><\/p>\n","protected":false},"author":2,"featured_media":0,"parent":0,"menu_order":0,"comment_status":"closed","ping_status":"open","template":"","meta":{"_monsterinsights_skip_tracking":false,"_monsterinsights_sitenote_active":false,"_monsterinsights_sitenote_note":"","_monsterinsights_sitenote_category":0,"footnotes":""},"_links":{"self":[{"href":"https:\/\/www.cernyfaun.cz\/index.php?rest_route=\/wp\/v2\/pages\/280"}],"collection":[{"href":"https:\/\/www.cernyfaun.cz\/index.php?rest_route=\/wp\/v2\/pages"}],"about":[{"href":"https:\/\/www.cernyfaun.cz\/index.php?rest_route=\/wp\/v2\/types\/page"}],"author":[{"embeddable":true,"href":"https:\/\/www.cernyfaun.cz\/index.php?rest_route=\/wp\/v2\/users\/2"}],"replies":[{"embeddable":true,"href":"https:\/\/www.cernyfaun.cz\/index.php?rest_route=%2Fwp%2Fv2%2Fcomments&post=280"}],"version-history":[{"count":9,"href":"https:\/\/www.cernyfaun.cz\/index.php?rest_route=\/wp\/v2\/pages\/280\/revisions"}],"predecessor-version":[{"id":749,"href":"https:\/\/www.cernyfaun.cz\/index.php?rest_route=\/wp\/v2\/pages\/280\/revisions\/749"}],"wp:attachment":[{"href":"https:\/\/www.cernyfaun.cz\/index.php?rest_route=%2Fwp%2Fv2%2Fmedia&parent=280"}],"curies":[{"name":"wp","href":"https:\/\/api.w.org\/{rel}","templated":true}]}}