{"id":282,"date":"2015-01-30T13:08:07","date_gmt":"2015-01-30T13:08:07","guid":{"rendered":"http:\/\/www.cernyfaun.cz\/?page_id=282"},"modified":"2016-02-18T12:46:49","modified_gmt":"2016-02-18T12:46:49","slug":"leonardo-da-vinci-cerny-faun","status":"publish","type":"page","link":"https:\/\/www.cernyfaun.cz\/?page_id=282","title":{"rendered":"LEONARDO DA VINCI \u010cERN\u00dd FAUN"},"content":{"rendered":"<p style=\"text-align: center;\"><a href=\"http:\/\/www.cernyfaun.cz\/wp-content\/uploads\/2015\/01\/leonardo.jpg\"><img loading=\"lazy\" decoding=\"async\" class=\"aligncenter size-full wp-image-201\" src=\"http:\/\/www.cernyfaun.cz\/wp-content\/uploads\/2015\/01\/leonardo.jpg\" alt=\"leonardo\" width=\"150\" height=\"107\" \/><\/a><\/p>\n<p style=\"text-align: center;\"><strong>LEONARDO DA VINCI \u010cERN\u00dd FAUN<\/strong><\/p>\n<p style=\"text-align: center;\"><span style=\"font-size: 12pt;\">(spolumajitel\/co-owner: Nat\u00e1lie Janul\u00edkov\u00e1)<\/span><\/p>\n<p><center><br \/>\n<strong>* 14.4.2010, chovn\u00fd pes\/stud dog<\/strong><br \/>\n<strong>tricolour, broken<\/strong><br \/>\n<strong>36,5 cm, plnochrup\u00fd\/full teeth<\/strong><br \/>\n<strong>patella 0\/0, o\u010dn\u00ed testy negativn\u00ed\/eye tests neg., <\/strong><\/center><center><strong>LOA-SCA-PLL clear\u00a0<\/strong><\/center><\/p>\n<p style=\"text-align: center;\"><strong>Club show Mlad\u00e1 Boleslav \u2013 VN1, 3.BIS puppy<\/strong><br \/>\n<strong>1th PRT&amp;JRT special show Lys\u00e1 nad Labem \u2013 VN1, BOB puppy, BIS puppy<\/strong><br \/>\n<strong>\u010cesk\u00fd \u0161ampion mlad\u00fdch\/Czech Junior Champion<\/strong><br \/>\n<strong>\u010cesk\u00fd Klubov\u00fd \u0161ampion mlad\u00fdch\/Czech Club Junior Champion<\/strong><br \/>\n<strong>\u010cesk\u00fd \u0161ampion\/Czech Champion<\/strong><\/p>\n<p style=\"text-align: center;\"><strong>\u010cesk\u00fd klubov\u00fd \u0161ampion\/Czech Club Champion<\/strong><\/p>\n<table border=\"4\" width=\"100%\" cellpadding=\"0\">\n<caption align=\"top\"><span style=\"color: #000000; font-size: 12pt;\"><b>rodokmen\/pedigree:<\/b><\/span><\/caption>\n<tbody>\n<tr>\n<td rowspan=\"8\" width=\"160\"><span style=\"color: #000000; font-size: 10pt;\"><b>IntCh.,MultiCh. Gucci vom Mutschenhof<\/b><\/span><\/td>\n<td rowspan=\"4\" width=\"160\"><span style=\"color: #000000; font-size: 10pt;\"><b>Rusty van\u00b4t Runsel<\/b><\/span><\/td>\n<td rowspan=\"2\" width=\"160\"><span style=\"color: #000000; font-size: 10pt;\"><b>Devons Wood&#8217;s Macho<\/b><\/span><\/td>\n<td width=\"200\"><span style=\"color: #000000; font-size: 8pt;\"><b>Hide Slide Never the Last<\/b><\/span><\/td>\n<\/tr>\n<tr>\n<td width=\"200\"><span style=\"color: #000000; font-size: 8pt;\"><b>Devons Wood&#8217;s Chana<b><\/b><\/b><\/span><\/td>\n<\/tr>\n<tr>\n<td rowspan=\"2\" width=\"160\"><span style=\"color: #000000; font-size: 10pt;\"><b>Ina vom Mutschenhof<\/b><\/span><\/td>\n<td width=\"200\"><span style=\"color: #000000; font-size: 8pt;\"><b>Zie Bram van&#8217;t Runsel<\/b><\/span><\/td>\n<\/tr>\n<tr>\n<td width=\"200\"><span style=\"color: #000000; font-size: 8pt;\"><b>Miss Marple van Huntman&#8217;s Joy<\/b><\/span><\/td>\n<\/tr>\n<tr>\n<td rowspan=\"4\" width=\"160\"><span style=\"color: #000000; font-size: 10pt;\"><b>Bessy vom Mutschenhof<\/b><\/span><\/td>\n<td rowspan=\"2\" width=\"160\"><span style=\"color: #000000; font-size: 10pt;\"><b>Zie Bram van&#8217;t Runsel<\/b><\/span><\/td>\n<td width=\"200\"><span style=\"color: #000000; font-size: 8pt;\"><b>Bardo van&#8217;t Runsel<\/b><\/span><\/td>\n<\/tr>\n<tr>\n<td width=\"200\"><span style=\"color: #000000; font-size: 8pt;\"><b>Villmar Jet van&#8217;t Runsel<\/b><\/span><\/td>\n<\/tr>\n<tr>\n<td rowspan=\"2\" width=\"160\"><span style=\"color: #000000; font-size: 10pt;\"><b>Topping Tess van Huntman&#8217;s Joy<\/b><\/span><\/td>\n<td width=\"200\"><span style=\"color: #000000; font-size: 8pt;\"><b>Dealer<\/b><\/span><\/td>\n<\/tr>\n<tr>\n<td width=\"200\"><span style=\"color: #000000; font-size: 8pt;\"><b>patch<\/b><\/span><\/td>\n<\/tr>\n<tr>\n<td rowspan=\"8\" width=\"160\"><span style=\"color: #000000; font-size: 10pt;\"><b>IntCh., MultiCh. Ginger \u010cern\u00fd faun<\/b><\/span><\/td>\n<td rowspan=\"4\" width=\"160\"><span style=\"color: #000000; font-size: 10pt;\"><b>Barsetta Want to Be Buster<\/b><\/span><\/td>\n<td rowspan=\"2\" width=\"160\"><span style=\"color: #000000; font-size: 10pt;\"><b>Barsetta Wampire<\/b><\/span><\/td>\n<td width=\"200\"><span style=\"color: #000000; font-size: 8pt;\"><b>Hoelio Prince<\/b><\/span><\/td>\n<\/tr>\n<tr>\n<td width=\"200\"><span style=\"color: #000000; font-size: 8pt;\"><b>Barsetta Kate<\/b><\/span><\/td>\n<\/tr>\n<tr>\n<td rowspan=\"2\" width=\"160\"><span style=\"color: #000000; font-size: 10pt;\"><b>Barsetta X-Cite<\/b><\/span><\/td>\n<td width=\"200\"><span style=\"color: #000000; font-size: 8pt;\"><b>Digmoor Taffy from Barsetta<\/b><\/span><\/td>\n<\/tr>\n<tr>\n<td width=\"200\"><span style=\"color: #000000; font-size: 8pt;\"><b>Barsetta Niece<\/b><\/span><\/td>\n<\/tr>\n<tr>\n<td rowspan=\"4\" width=\"160\"><span style=\"color: #000000; font-size: 10pt;\"><b>JCh.Rose Jack Interris<\/b><\/span><\/td>\n<td rowspan=\"2\" width=\"160\"><span style=\"color: #000000; font-size: 10pt;\"><b>MultiCh. Reynwood Rupert<\/b><\/span><\/td>\n<td width=\"200\"><span style=\"color: #000000; font-size: 8pt;\"><b>Glenholm Erik of Belmorr<\/b><\/span><\/td>\n<\/tr>\n<tr>\n<td width=\"200\"><span style=\"color: #000000; font-family: 'Comic Sans MS'; font-size: 8pt;\"><b>Ridley Rowena of Reynwood<\/b><\/span><\/td>\n<\/tr>\n<tr>\n<td rowspan=\"2\" width=\"160\"><span style=\"color: #000000; font-size: 10pt;\"><b>Ch. Meggie von der Heulisse<\/b><\/span><\/td>\n<td width=\"200\"><span style=\"color: #000000; font-size: 8pt;\"><b>Ch.Burberry of Highfast<\/b><\/span><\/td>\n<\/tr>\n<tr>\n<td width=\"200\"><span style=\"color: #000000; font-size: 8pt;\"><b>Ch.Nizzy of Highfast<\/b><\/span><\/td>\n<\/tr>\n<\/tbody>\n<\/table>\n","protected":false},"excerpt":{"rendered":"<p>LEONARDO DA VINCI \u010cERN\u00dd FAUN (spolumajitel\/co-owner: Nat\u00e1lie Janul\u00edkov\u00e1) * 14.4.2010, chovn\u00fd pes\/stud dog tricolour, broken 36,5 cm, plnochrup\u00fd\/full teeth patella 0\/0, o\u010dn\u00ed testy negativn\u00ed\/eye tests neg., LOA-SCA-PLL clear\u00a0 Club show Mlad\u00e1 Boleslav \u2013 VN1, 3.BIS puppy 1th PRT&amp;JRT special show Lys\u00e1 nad Labem \u2013 VN1, BOB puppy, BIS puppy \u010cesk\u00fd \u0161ampion mlad\u00fdch\/Czech Junior Champion \u010cesk\u00fd &hellip; <a href=\"https:\/\/www.cernyfaun.cz\/?page_id=282\" class=\"more-link\">Pokra\u010dov\u00e1n\u00ed textu <span class=\"screen-reader-text\">LEONARDO DA VINCI \u010cERN\u00dd FAUN<\/span><\/a><\/p>\n","protected":false},"author":2,"featured_media":0,"parent":0,"menu_order":0,"comment_status":"open","ping_status":"open","template":"","meta":{"_monsterinsights_skip_tracking":false,"_monsterinsights_sitenote_active":false,"_monsterinsights_sitenote_note":"","_monsterinsights_sitenote_category":0,"footnotes":""},"_links":{"self":[{"href":"https:\/\/www.cernyfaun.cz\/index.php?rest_route=\/wp\/v2\/pages\/282"}],"collection":[{"href":"https:\/\/www.cernyfaun.cz\/index.php?rest_route=\/wp\/v2\/pages"}],"about":[{"href":"https:\/\/www.cernyfaun.cz\/index.php?rest_route=\/wp\/v2\/types\/page"}],"author":[{"embeddable":true,"href":"https:\/\/www.cernyfaun.cz\/index.php?rest_route=\/wp\/v2\/users\/2"}],"replies":[{"embeddable":true,"href":"https:\/\/www.cernyfaun.cz\/index.php?rest_route=%2Fwp%2Fv2%2Fcomments&post=282"}],"version-history":[{"count":10,"href":"https:\/\/www.cernyfaun.cz\/index.php?rest_route=\/wp\/v2\/pages\/282\/revisions"}],"predecessor-version":[{"id":1155,"href":"https:\/\/www.cernyfaun.cz\/index.php?rest_route=\/wp\/v2\/pages\/282\/revisions\/1155"}],"wp:attachment":[{"href":"https:\/\/www.cernyfaun.cz\/index.php?rest_route=%2Fwp%2Fv2%2Fmedia&parent=282"}],"curies":[{"name":"wp","href":"https:\/\/api.w.org\/{rel}","templated":true}]}}