{"id":32,"date":"2014-12-30T09:11:07","date_gmt":"2014-12-30T09:11:07","guid":{"rendered":"http:\/\/www.cernyfaun.cz\/?page_id=32"},"modified":"2016-01-14T21:10:37","modified_gmt":"2016-01-14T21:10:37","slug":"nasi-psy","status":"publish","type":"page","link":"https:\/\/www.cernyfaun.cz\/?page_id=32","title":{"rendered":"NA\u0160I PSI \/ OUR DOGS"},"content":{"rendered":"<p style=\"text-align: center;\"><a href=\"http:\/\/www.cernyfaun.cz\/wp-content\/uploads\/2014\/12\/psi1.jpg\"><img loading=\"lazy\" decoding=\"async\" class=\"aligncenter size-medium wp-image-195\" src=\"http:\/\/www.cernyfaun.cz\/wp-content\/uploads\/2014\/12\/psi1-300x273.jpg\" alt=\"psi1\" width=\"300\" height=\"273\" srcset=\"https:\/\/www.cernyfaun.cz\/wp-content\/uploads\/2014\/12\/psi1-300x273.jpg 300w, https:\/\/www.cernyfaun.cz\/wp-content\/uploads\/2014\/12\/psi1.jpg 480w\" sizes=\"(max-width: 300px) 100vw, 300px\" \/><\/a><\/p>\n<table>\n<tbody>\n<tr>\n<td style=\"text-align: center;\"><span style=\"font-size: 12pt;\"><strong><a title=\"na\u0161i psi\/our dog\u2019s\" href=\"http:\/\/www.cernyfaun.cz\/?page_id=197\">NA\u0160I PSI\/OUR DOGS<\/a><\/strong><\/span><\/td>\n<td style=\"text-align: center;\"><span style=\"font-size: 12pt;\"><strong><a title=\"na\u0161e feny\/our bitches\" href=\"http:\/\/www.cernyfaun.cz\/?page_id=175\">NA\u0160E FENY\/OUR BITCHS<\/a><\/strong><\/span><\/td>\n<td style=\"text-align: center;\"><a title=\"veter\u00e1ni\" href=\"http:\/\/www.cernyfaun.cz\/?page_id=337\"><span style=\"font-size: 12pt;\"><strong>VETER\u00c1NI<\/strong><\/span><\/a><\/td>\n<td style=\"text-align: center;\"><span style=\"font-size: 12pt;\"><strong><a title=\"vzpom\u00edn\u00e1me\/in loving memory\" href=\"http:\/\/www.cernyfaun.cz\/?page_id=212\">VZPOM\u00cdN\u00c1ME\/MEMORY<\/a><\/strong><\/span><\/td>\n<\/tr>\n<\/tbody>\n<\/table>\n","protected":false},"excerpt":{"rendered":"<p>NA\u0160I PSI\/OUR DOGS NA\u0160E FENY\/OUR BITCHS VETER\u00c1NI VZPOM\u00cdN\u00c1ME\/MEMORY<\/p>\n","protected":false},"author":1,"featured_media":0,"parent":0,"menu_order":0,"comment_status":"closed","ping_status":"closed","template":"","meta":{"_monsterinsights_skip_tracking":false,"_monsterinsights_sitenote_active":false,"_monsterinsights_sitenote_note":"","_monsterinsights_sitenote_category":0,"footnotes":""},"_links":{"self":[{"href":"https:\/\/www.cernyfaun.cz\/index.php?rest_route=\/wp\/v2\/pages\/32"}],"collection":[{"href":"https:\/\/www.cernyfaun.cz\/index.php?rest_route=\/wp\/v2\/pages"}],"about":[{"href":"https:\/\/www.cernyfaun.cz\/index.php?rest_route=\/wp\/v2\/types\/page"}],"author":[{"embeddable":true,"href":"https:\/\/www.cernyfaun.cz\/index.php?rest_route=\/wp\/v2\/users\/1"}],"replies":[{"embeddable":true,"href":"https:\/\/www.cernyfaun.cz\/index.php?rest_route=%2Fwp%2Fv2%2Fcomments&post=32"}],"version-history":[{"count":31,"href":"https:\/\/www.cernyfaun.cz\/index.php?rest_route=\/wp\/v2\/pages\/32\/revisions"}],"predecessor-version":[{"id":1125,"href":"https:\/\/www.cernyfaun.cz\/index.php?rest_route=\/wp\/v2\/pages\/32\/revisions\/1125"}],"wp:attachment":[{"href":"https:\/\/www.cernyfaun.cz\/index.php?rest_route=%2Fwp%2Fv2%2Fmedia&parent=32"}],"curies":[{"name":"wp","href":"https:\/\/api.w.org\/{rel}","templated":true}]}}