{"id":331,"date":"2015-01-30T14:11:11","date_gmt":"2015-01-30T14:11:11","guid":{"rendered":"http:\/\/www.cernyfaun.cz\/?page_id=331"},"modified":"2015-02-28T19:59:27","modified_gmt":"2015-02-28T19:59:27","slug":"ifigenia-isis-cerny-faun","status":"publish","type":"page","link":"https:\/\/www.cernyfaun.cz\/?page_id=331","title":{"rendered":"IFIG\u00c9NIA ISIS \u010cERN\u00dd FAUN"},"content":{"rendered":"<p style=\"text-align: center;\"><a href=\"http:\/\/www.cernyfaun.cz\/wp-content\/uploads\/2015\/01\/sisi47.jpg\"><img loading=\"lazy\" decoding=\"async\" class=\"aligncenter size-medium wp-image-184\" src=\"http:\/\/www.cernyfaun.cz\/wp-content\/uploads\/2015\/01\/sisi47-286x300.jpg\" alt=\"sisi47\" width=\"286\" height=\"300\" srcset=\"https:\/\/www.cernyfaun.cz\/wp-content\/uploads\/2015\/01\/sisi47-286x300.jpg 286w, https:\/\/www.cernyfaun.cz\/wp-content\/uploads\/2015\/01\/sisi47-978x1024.jpg 978w, https:\/\/www.cernyfaun.cz\/wp-content\/uploads\/2015\/01\/sisi47.jpg 992w\" sizes=\"(max-width: 286px) 100vw, 286px\" \/><\/a><\/p>\n<p style=\"text-align: center;\"><strong>Ifig\u00e9nia Isis \u010cern\u00fd faun<\/strong><\/p>\n<p style=\"text-align: center;\"><strong>\u00a0* 31.10.2008, 34 cm, ztr\u00e1ta\/missing 1xM3,\u00a0chovn\u00e1 fena\/brood bitch<\/strong><\/p>\n<p style=\"text-align: center;\"><strong>PL 0\/0, o\u010dn\u00ed testy negativn\u00ed\/eyes test neg., PLL\/LOA\/SCA clear<\/strong><\/p>\n<p style=\"text-align: center;\"><strong>BAER test negativn\u00ed\/normal \u2013 oboustrann\u011b sly\u0161\u00edc\u00ed\/both sides hearing<\/strong><\/p>\n<p style=\"text-align: center;\"><strong>\u010cesk\u00fd \u0161ampion\/Czech champion<\/strong><\/p>\n<p style=\"text-align: center;\"><strong>\u010cesk\u00fd klubov\u00fd \u0161ampion\/Czech Club Champion<\/strong><\/p>\n<p style=\"text-align: center;\"><strong>Danubius v\u00edt\u011bz\/Danubius winner<\/strong><\/p>\n<p style=\"text-align: center;\"><strong>zkou\u0161ky vloh v I. cen\u011b<\/strong><\/p>\n<p><center><strong>klubov\u00e9 barv\u00e1\u0159sk\u00e9 zkou\u0161ky vloh v I. cen\u011b \u2013 CACT,CCT\/blood tracking trial<\/strong><br \/>\n<strong>norovac\u00ed zkou\u0161ky\/fox exam<\/strong><\/center><center><\/center><\/p>\n<table border=\"4\" width=\"100%\" cellpadding=\"0\">\n<caption align=\"top\"><span style=\"color: #000000; font-size: 12pt;\">\u00a0rodokmen\/pedigree:<\/span><\/caption>\n<tbody>\n<tr>\n<td rowspan=\"8\" width=\"160\"><span style=\"color: #000000; font-size: 10pt;\"><b>MultiCh. Radagast Rohan<\/b><\/span><\/td>\n<td rowspan=\"4\" width=\"160\"><span style=\"color: #000000; font-size: 10pt;\"><b>Radagast Skuggfaxe<\/b><\/span><\/td>\n<td rowspan=\"2\" width=\"160\"><span style=\"color: #000000; font-size: 10pt;\"><b>SUCh. Kentee Hamish<\/b><\/span><\/td>\n<td width=\"200\"><span style=\"color: #000000; font-size: 8pt;\"><b>Ridley Robber of Belmoor<\/b><\/span><\/td>\n<\/tr>\n<tr>\n<td width=\"200\"><span style=\"color: #000000; font-size: 8pt;\"><b>Heliwar Gill<\/b><\/span><\/td>\n<\/tr>\n<tr>\n<td rowspan=\"2\" width=\"160\"><span style=\"color: #000000; font-size: 10pt;\"><b>Radagast Morgai<\/b><\/span><\/td>\n<td width=\"200\"><span style=\"color: #000000; font-size: 8pt;\"><b>Radagast Big-Boss<\/b><\/span><\/td>\n<\/tr>\n<tr>\n<td width=\"200\"><span style=\"color: #000000; font-size: 8pt;\"><b>SUCh. Mazengarb Chanel<\/b><\/span><\/td>\n<\/tr>\n<tr>\n<td rowspan=\"4\" width=\"160\"><span style=\"color: #000000; font-size: 10pt;\"><b>Radagast Maeglin<\/b><\/span><\/td>\n<td rowspan=\"2\" width=\"160\"><span style=\"color: #000000; font-size: 10pt;\"><b>MultiCh., IntCh. Ratpack Fabian<\/b><\/span><\/td>\n<td width=\"200\"><span style=\"color: #000000; font-size: 8pt;\"><b>Ratpack Rattlesnake<\/b><\/span><\/td>\n<\/tr>\n<tr>\n<td width=\"200\"><span style=\"color: #000000; font-size: 8pt;\"><b>Ratpack Diamond&#8217;s Return<\/b><\/span><\/td>\n<\/tr>\n<tr>\n<td rowspan=\"2\" width=\"160\"><span style=\"color: #000000; font-size: 10pt;\"><b>Radagast Gilmith<\/b><\/span><\/td>\n<td width=\"200\"><span style=\"color: #000000; font-size: 8pt;\"><b>FINUCh., SUCh. Miselin Mickey Mouse<\/b><\/span><\/td>\n<\/tr>\n<tr>\n<td width=\"200\"><span style=\"color: #000000; font-size: 8pt;\"><b>Tapper&#8217;s Frisco<\/b><\/span><\/td>\n<\/tr>\n<tr>\n<td rowspan=\"8\" width=\"160\"><span style=\"color: #000000; font-size: 10pt;\"><b>Ch. Count on me of Sweet Surprise<\/b><\/span><\/td>\n<td rowspan=\"4\" width=\"160\"><span style=\"color: #000000; font-size: 10pt;\"><b>MultiCh. DJ vom Mahdenwald<\/b><\/span><\/td>\n<td rowspan=\"2\" width=\"160\"><span style=\"color: #000000; font-size: 10pt;\"><b>Balko vom Seewald<\/b><\/span><\/td>\n<td width=\"200\"><span style=\"color: #000000; font-size: 8pt;\"><b>Ch. Rednock Lemon Luck<\/b><\/span><\/td>\n<\/tr>\n<tr>\n<td width=\"200\"><span style=\"color: #000000; font-size: 8pt;\"><b>Limerick&#8217;s Cerry Sue<\/b><\/span><\/td>\n<\/tr>\n<tr>\n<td rowspan=\"2\" width=\"160\"><span style=\"color: #000000; font-size: 10pt;\"><b>Ch. Moonfire<\/b><\/span><\/td>\n<td width=\"200\"><span style=\"color: #000000; font-size: 8pt;\"><b>Ch. Mc William&#8217;s Mr Red Nock<\/b><\/span><\/td>\n<\/tr>\n<tr>\n<td width=\"200\"><span style=\"color: #000000; font-size: 8pt;\"><b>Tess<\/b><\/span><\/td>\n<\/tr>\n<tr>\n<td rowspan=\"4\" width=\"160\"><span style=\"color: #000000; font-size: 10pt;\"><b>Ch. Norlund Nicola<\/b><\/span><\/td>\n<td rowspan=\"2\" width=\"160\"><span style=\"color: #000000; font-size: 10pt;\"><b>Barsetta Want To Be Buster<\/b><\/span><\/td>\n<td width=\"200\"><span style=\"color: #000000; font-size: 8pt;\"><b>Barsetta Wampire<\/b><\/span><\/td>\n<\/tr>\n<tr>\n<td width=\"200\"><span style=\"color: #000000; font-size: 8pt;\"><b>Barsetta X-Cite<\/b><\/span><\/td>\n<\/tr>\n<tr>\n<td rowspan=\"2\" width=\"160\"><span style=\"color: #000000; font-size: 10pt;\"><b>Ch. Norlund Duchess<\/b><\/span><\/td>\n<td width=\"200\"><span style=\"color: #000000; font-size: 8pt;\"><b>Domingo Never The Last<\/b><\/span><\/td>\n<\/tr>\n<tr>\n<td width=\"200\"><span style=\"color: #000000; font-size: 8pt;\"><b>Ch. CWM Cadno Topsy<\/b><\/span><\/td>\n<\/tr>\n<\/tbody>\n<\/table>\n","protected":false},"excerpt":{"rendered":"<p>Ifig\u00e9nia Isis \u010cern\u00fd faun \u00a0* 31.10.2008, 34 cm, ztr\u00e1ta\/missing 1xM3,\u00a0chovn\u00e1 fena\/brood bitch PL 0\/0, o\u010dn\u00ed testy negativn\u00ed\/eyes test neg., PLL\/LOA\/SCA clear BAER test negativn\u00ed\/normal \u2013 oboustrann\u011b sly\u0161\u00edc\u00ed\/both sides hearing \u010cesk\u00fd \u0161ampion\/Czech champion \u010cesk\u00fd klubov\u00fd \u0161ampion\/Czech Club Champion Danubius v\u00edt\u011bz\/Danubius winner zkou\u0161ky vloh v I. cen\u011b klubov\u00e9 barv\u00e1\u0159sk\u00e9 zkou\u0161ky vloh v I. cen\u011b \u2013 CACT,CCT\/blood tracking &hellip; <a href=\"https:\/\/www.cernyfaun.cz\/?page_id=331\" class=\"more-link\">Pokra\u010dov\u00e1n\u00ed textu <span class=\"screen-reader-text\">IFIG\u00c9NIA ISIS \u010cERN\u00dd FAUN<\/span><\/a><\/p>\n","protected":false},"author":2,"featured_media":0,"parent":0,"menu_order":0,"comment_status":"closed","ping_status":"closed","template":"","meta":{"_monsterinsights_skip_tracking":false,"_monsterinsights_sitenote_active":false,"_monsterinsights_sitenote_note":"","_monsterinsights_sitenote_category":0,"footnotes":""},"_links":{"self":[{"href":"https:\/\/www.cernyfaun.cz\/index.php?rest_route=\/wp\/v2\/pages\/331"}],"collection":[{"href":"https:\/\/www.cernyfaun.cz\/index.php?rest_route=\/wp\/v2\/pages"}],"about":[{"href":"https:\/\/www.cernyfaun.cz\/index.php?rest_route=\/wp\/v2\/types\/page"}],"author":[{"embeddable":true,"href":"https:\/\/www.cernyfaun.cz\/index.php?rest_route=\/wp\/v2\/users\/2"}],"replies":[{"embeddable":true,"href":"https:\/\/www.cernyfaun.cz\/index.php?rest_route=%2Fwp%2Fv2%2Fcomments&post=331"}],"version-history":[{"count":13,"href":"https:\/\/www.cernyfaun.cz\/index.php?rest_route=\/wp\/v2\/pages\/331\/revisions"}],"predecessor-version":[{"id":713,"href":"https:\/\/www.cernyfaun.cz\/index.php?rest_route=\/wp\/v2\/pages\/331\/revisions\/713"}],"wp:attachment":[{"href":"https:\/\/www.cernyfaun.cz\/index.php?rest_route=%2Fwp%2Fv2%2Fmedia&parent=331"}],"curies":[{"name":"wp","href":"https:\/\/api.w.org\/{rel}","templated":true}]}}