{"id":335,"date":"2015-01-30T14:14:02","date_gmt":"2015-01-30T14:14:02","guid":{"rendered":"http:\/\/www.cernyfaun.cz\/?page_id=335"},"modified":"2015-02-28T20:17:29","modified_gmt":"2015-02-28T20:17:29","slug":"count-on-me-of-sweet-surprise","status":"publish","type":"page","link":"https:\/\/www.cernyfaun.cz\/?page_id=335","title":{"rendered":"COUNT ON ME OF SWEET SURPRISE"},"content":{"rendered":"<p style=\"text-align: center;\"><a href=\"http:\/\/www.cernyfaun.cz\/wp-content\/uploads\/2015\/01\/kety16.jpg\"><img loading=\"lazy\" decoding=\"async\" class=\"aligncenter size-medium wp-image-193\" src=\"http:\/\/www.cernyfaun.cz\/wp-content\/uploads\/2015\/01\/kety16-300x225.jpg\" alt=\"kety16\" width=\"300\" height=\"225\" srcset=\"https:\/\/www.cernyfaun.cz\/wp-content\/uploads\/2015\/01\/kety16-300x225.jpg 300w, https:\/\/www.cernyfaun.cz\/wp-content\/uploads\/2015\/01\/kety16.jpg 449w\" sizes=\"(max-width: 300px) 100vw, 300px\" \/><\/a><\/p>\n<p style=\"text-align: center;\"><strong>COUNT ON ME OF SWEET SURPRISE<\/strong><\/p>\n<p style=\"text-align: center;\"><strong>\u00a0* 24.1.2004, plnochrup\u00e1\/full teeth, 34 cm<\/strong><\/p>\n<p style=\"text-align: center;\"><strong>patella 0\/0, o\u010dn\u00ed testy negativn\u00ed\/eyes tests clear<br \/>\nnorovac\u00ed zkou\u0161ky\/working certifikat on realy fox with full points<br \/>\nagility<br \/>\n\u0161ampion BIH\/Champion BIH<br \/>\n3x BOB<br \/>\nCACIB<br \/>\n3x CAC, CC, CAJC<br \/>\nV\u00edt\u011bz Prahy 2005\/Winner of Prague 2005<\/strong><\/p>\n<p style=\"text-align: center;\"><strong>agility<\/strong><\/p>\n<p style=\"text-align: center;\"><strong>norovac\u00ed zkou\u0161ky\/fox exam<\/strong><\/p>\n<table border=\"4\" width=\"100%\" cellpadding=\"0\">\n<caption align=\"top\"><span style=\"color: #000000; font-size: 12pt;\"><b>rodokmen:<\/b><\/span><\/caption>\n<tbody>\n<tr>\n<td rowspan=\"8\" width=\"160\"><span style=\"color: #000000; font-size: 10pt;\"><b>IntCh., MultiCh. DJ vom Mahdenwald<\/b><\/span><\/td>\n<td rowspan=\"4\" width=\"160\"><span style=\"color: #000000; font-size: 10pt;\"><b>Balko vom Seewald<\/b><\/span><\/td>\n<td rowspan=\"2\" width=\"160\"><span style=\"color: #000000; font-size: 10pt;\"><b>MultiCh. Rednock Lemon Luck<\/b><\/span><\/td>\n<td width=\"200\"><span style=\"color: #000000; font-size: small;\"><b>\u00a0<\/b><\/span><\/td>\n<\/tr>\n<tr>\n<td width=\"200\"><span style=\"color: #000000; font-size: small;\"><b>\u00a0<\/b><\/span><\/td>\n<\/tr>\n<tr>\n<td rowspan=\"2\" width=\"160\"><span style=\"color: #000000; font-size: 10pt;\"><b>Limericks Cerry Sue<\/b><\/span><\/td>\n<td width=\"200\"><span style=\"color: #000000; font-size: small;\"><b>\u00a0<\/b><\/span><\/td>\n<\/tr>\n<tr>\n<td width=\"200\"><span style=\"color: #000000; font-size: small;\"><b>\u00a0<\/b><\/span><\/td>\n<\/tr>\n<tr>\n<td rowspan=\"4\" width=\"160\"><span style=\"color: #000000; font-size: 10pt;\"><b>MultiCh. Moonfire<\/b><\/span><\/td>\n<td rowspan=\"2\" width=\"160\"><span style=\"color: #000000; font-size: 10pt;\"><b>MultiCh. Mc Williams Mr Red Nock<\/b><\/span><\/td>\n<td width=\"200\"><span style=\"color: #000000; font-size: small;\"><b>\u00a0<\/b><\/span><\/td>\n<\/tr>\n<tr>\n<td width=\"200\"><span style=\"color: #000000; font-size: small;\"><b>\u00a0<\/b><\/span><\/td>\n<\/tr>\n<tr>\n<td rowspan=\"2\" width=\"160\"><span style=\"color: #000000; font-size: 10pt;\"><b>Tess<\/b><\/span><\/td>\n<td width=\"200\"><span style=\"color: #000000; font-size: small;\"><b>\u00a0<\/b><\/span><\/td>\n<\/tr>\n<tr>\n<td width=\"200\"><span style=\"color: #000000; font-size: small;\"><b>\u00a0<\/b><\/span><\/td>\n<\/tr>\n<tr>\n<td rowspan=\"8\" width=\"160\"><span style=\"color: #000000; font-size: 10pt;\"><b>MultiCh. Norlund Nicola<\/b><\/span><\/td>\n<td rowspan=\"4\" width=\"160\"><span style=\"color: #000000; font-size: 10pt;\"><b>Barsetta Want To Be Buster<\/b><\/span><\/td>\n<td rowspan=\"2\" width=\"160\"><span style=\"color: #000000; font-size: 10pt;\"><b>Barsetta Vampire<\/b><\/span><\/td>\n<td width=\"200\"><span style=\"color: #000000; font-size: small;\"><b>\u00a0<\/b><\/span><\/td>\n<\/tr>\n<tr>\n<td width=\"200\"><span style=\"color: #000000; font-size: small;\"><b>\u00a0<\/b><\/span><\/td>\n<\/tr>\n<tr>\n<td rowspan=\"2\" width=\"160\"><span style=\"color: #000000; font-size: 10pt;\"> <b>Barsetta X-Cite<\/b><\/span><\/td>\n<td width=\"200\"><span style=\"color: #000000; font-size: small;\"><b>\u00a0<\/b><\/span><\/td>\n<\/tr>\n<tr>\n<td width=\"200\"><span style=\"color: #000000; font-size: small;\"><b>\u00a0<\/b><\/span><\/td>\n<\/tr>\n<tr>\n<td rowspan=\"4\" width=\"160\"><span style=\"color: #000000; font-size: 10pt;\"><b>Ch. Norlund Duchess<\/b><\/span><\/td>\n<td rowspan=\"2\" width=\"160\"><span style=\"color: #000000; font-size: 10pt;\"><b>Domingo Never The Last<\/b><\/span><\/td>\n<td width=\"200\"><span style=\"color: #000000; font-size: small;\"><b>\u00a0<\/b><\/span><\/td>\n<\/tr>\n<tr>\n<td width=\"200\"><span style=\"color: #000000; font-size: small;\"><b>\u00a0<\/b><\/span><\/td>\n<\/tr>\n<tr>\n<td rowspan=\"2\" width=\"160\"><span style=\"color: #000000; font-size: 10pt;\"><b>Ch. CWM Cadno Topsy<\/b><\/span><\/td>\n<\/tr>\n<\/tbody>\n<\/table>\n","protected":false},"excerpt":{"rendered":"<p>COUNT ON ME OF SWEET SURPRISE \u00a0* 24.1.2004, plnochrup\u00e1\/full teeth, 34 cm patella 0\/0, o\u010dn\u00ed testy negativn\u00ed\/eyes tests clear norovac\u00ed zkou\u0161ky\/working certifikat on realy fox with full points agility \u0161ampion BIH\/Champion BIH 3x BOB CACIB 3x CAC, CC, CAJC V\u00edt\u011bz Prahy 2005\/Winner of Prague 2005 agility norovac\u00ed zkou\u0161ky\/fox exam rodokmen: IntCh., MultiCh. DJ vom Mahdenwald &hellip; <a href=\"https:\/\/www.cernyfaun.cz\/?page_id=335\" class=\"more-link\">Pokra\u010dov\u00e1n\u00ed textu <span class=\"screen-reader-text\">COUNT ON ME OF SWEET SURPRISE<\/span><\/a><\/p>\n","protected":false},"author":2,"featured_media":0,"parent":337,"menu_order":0,"comment_status":"closed","ping_status":"closed","template":"","meta":{"_monsterinsights_skip_tracking":false,"_monsterinsights_sitenote_active":false,"_monsterinsights_sitenote_note":"","_monsterinsights_sitenote_category":0,"footnotes":""},"_links":{"self":[{"href":"https:\/\/www.cernyfaun.cz\/index.php?rest_route=\/wp\/v2\/pages\/335"}],"collection":[{"href":"https:\/\/www.cernyfaun.cz\/index.php?rest_route=\/wp\/v2\/pages"}],"about":[{"href":"https:\/\/www.cernyfaun.cz\/index.php?rest_route=\/wp\/v2\/types\/page"}],"author":[{"embeddable":true,"href":"https:\/\/www.cernyfaun.cz\/index.php?rest_route=\/wp\/v2\/users\/2"}],"replies":[{"embeddable":true,"href":"https:\/\/www.cernyfaun.cz\/index.php?rest_route=%2Fwp%2Fv2%2Fcomments&post=335"}],"version-history":[{"count":6,"href":"https:\/\/www.cernyfaun.cz\/index.php?rest_route=\/wp\/v2\/pages\/335\/revisions"}],"predecessor-version":[{"id":722,"href":"https:\/\/www.cernyfaun.cz\/index.php?rest_route=\/wp\/v2\/pages\/335\/revisions\/722"}],"up":[{"embeddable":true,"href":"https:\/\/www.cernyfaun.cz\/index.php?rest_route=\/wp\/v2\/pages\/337"}],"wp:attachment":[{"href":"https:\/\/www.cernyfaun.cz\/index.php?rest_route=%2Fwp%2Fv2%2Fmedia&parent=335"}],"curies":[{"name":"wp","href":"https:\/\/api.w.org\/{rel}","templated":true}]}}