{"id":351,"date":"2015-01-30T14:30:01","date_gmt":"2015-01-30T14:30:01","guid":{"rendered":"http:\/\/www.cernyfaun.cz\/?page_id=351"},"modified":"2015-02-08T19:48:42","modified_gmt":"2015-02-08T19:48:42","slug":"apolenka-silky-cerny-faun","status":"publish","type":"page","link":"https:\/\/www.cernyfaun.cz\/?page_id=351","title":{"rendered":"APOLENKA SILKY \u010cERN\u00dd FAUN"},"content":{"rendered":"<p style=\"text-align: center;\"><a href=\"http:\/\/www.cernyfaun.cz\/wp-content\/uploads\/2015\/01\/poly18.jpg\"><img loading=\"lazy\" decoding=\"async\" class=\"aligncenter size-medium wp-image-217\" src=\"http:\/\/www.cernyfaun.cz\/wp-content\/uploads\/2015\/01\/poly18-198x300.jpg\" alt=\"poly18\" width=\"198\" height=\"300\" srcset=\"https:\/\/www.cernyfaun.cz\/wp-content\/uploads\/2015\/01\/poly18-198x300.jpg 198w, https:\/\/www.cernyfaun.cz\/wp-content\/uploads\/2015\/01\/poly18-677x1024.jpg 677w, https:\/\/www.cernyfaun.cz\/wp-content\/uploads\/2015\/01\/poly18.jpg 850w\" sizes=\"(max-width: 198px) 100vw, 198px\" \/><\/a><\/p>\n<p style=\"text-align: center;\"><b>APOLENKA SILKY \u010cERNY FAUN<br \/>\n9.11.1999 \u2013 18.9.2014<br \/>\n24 cm<\/b><\/p>\n<p style=\"text-align: center;\"><b>Inter\u0161ampion\/Interchampion<br \/>\nVeter\u00e1n \u0161ampion\/Veteran Champion<br \/>\n\u010cesk\u00fd \u0161ampion\/Czech Champion<br \/>\n\u010cesk\u00fd Junior \u0161ampion\/Czech Junior Champion<br \/>\nSlovensk\u00fd klubov\u00fd \u0161ampion\/Slovakia Club Champion<br \/>\nKlubov\u00fd v\u00edt\u011bz 2003 SR\/Club winner 2003 SK<br \/>\nKlubov\u00fd v\u00edt\u011bz \u010cR &amp; SR 2002\/Club winner CZ &amp; SK 2002<br \/>\n5xCACIB, 3xR.CACIB<br \/>\n8xCAC, 4xCC, 4xR.CAC, R.VDH, CACA<br \/>\n3xCAJC<br \/>\n3xBOB<\/b><\/p>\n<p style=\"text-align: center;\"><strong>agility<\/strong><\/p>\n","protected":false},"excerpt":{"rendered":"<p>APOLENKA SILKY \u010cERNY FAUN 9.11.1999 \u2013 18.9.2014 24 cm Inter\u0161ampion\/Interchampion Veter\u00e1n \u0161ampion\/Veteran Champion \u010cesk\u00fd \u0161ampion\/Czech Champion \u010cesk\u00fd Junior \u0161ampion\/Czech Junior Champion Slovensk\u00fd klubov\u00fd \u0161ampion\/Slovakia Club Champion Klubov\u00fd v\u00edt\u011bz 2003 SR\/Club winner 2003 SK Klubov\u00fd v\u00edt\u011bz \u010cR &amp; SR 2002\/Club winner CZ &amp; SK 2002 5xCACIB, 3xR.CACIB 8xCAC, 4xCC, 4xR.CAC, R.VDH, CACA 3xCAJC 3xBOB agility<\/p>\n","protected":false},"author":2,"featured_media":0,"parent":212,"menu_order":0,"comment_status":"closed","ping_status":"closed","template":"","meta":{"_monsterinsights_skip_tracking":false,"_monsterinsights_sitenote_active":false,"_monsterinsights_sitenote_note":"","_monsterinsights_sitenote_category":0,"footnotes":""},"_links":{"self":[{"href":"https:\/\/www.cernyfaun.cz\/index.php?rest_route=\/wp\/v2\/pages\/351"}],"collection":[{"href":"https:\/\/www.cernyfaun.cz\/index.php?rest_route=\/wp\/v2\/pages"}],"about":[{"href":"https:\/\/www.cernyfaun.cz\/index.php?rest_route=\/wp\/v2\/types\/page"}],"author":[{"embeddable":true,"href":"https:\/\/www.cernyfaun.cz\/index.php?rest_route=\/wp\/v2\/users\/2"}],"replies":[{"embeddable":true,"href":"https:\/\/www.cernyfaun.cz\/index.php?rest_route=%2Fwp%2Fv2%2Fcomments&post=351"}],"version-history":[{"count":1,"href":"https:\/\/www.cernyfaun.cz\/index.php?rest_route=\/wp\/v2\/pages\/351\/revisions"}],"predecessor-version":[{"id":352,"href":"https:\/\/www.cernyfaun.cz\/index.php?rest_route=\/wp\/v2\/pages\/351\/revisions\/352"}],"up":[{"embeddable":true,"href":"https:\/\/www.cernyfaun.cz\/index.php?rest_route=\/wp\/v2\/pages\/212"}],"wp:attachment":[{"href":"https:\/\/www.cernyfaun.cz\/index.php?rest_route=%2Fwp%2Fv2%2Fmedia&parent=351"}],"curies":[{"name":"wp","href":"https:\/\/api.w.org\/{rel}","templated":true}]}}