{"id":353,"date":"2015-01-30T14:31:06","date_gmt":"2015-01-30T14:31:06","guid":{"rendered":"http:\/\/www.cernyfaun.cz\/?page_id=353"},"modified":"2015-02-08T19:54:09","modified_gmt":"2015-02-08T19:54:09","slug":"rose-jack-interris","status":"publish","type":"page","link":"https:\/\/www.cernyfaun.cz\/?page_id=353","title":{"rendered":"ROSE JACK INTERRIS"},"content":{"rendered":"<p style=\"text-align: center;\"><a href=\"http:\/\/www.cernyfaun.cz\/wp-content\/uploads\/2015\/01\/rose2.jpg\"><img loading=\"lazy\" decoding=\"async\" class=\"aligncenter size-medium wp-image-213\" src=\"http:\/\/www.cernyfaun.cz\/wp-content\/uploads\/2015\/01\/rose2-252x300.jpg\" alt=\"rose2\" width=\"252\" height=\"300\" srcset=\"https:\/\/www.cernyfaun.cz\/wp-content\/uploads\/2015\/01\/rose2-252x300.jpg 252w, https:\/\/www.cernyfaun.cz\/wp-content\/uploads\/2015\/01\/rose2.jpg 375w\" sizes=\"(max-width: 252px) 100vw, 252px\" \/><\/a><\/p>\n<p style=\"text-align: center;\"><strong>ROSE JACK INTERRIS<\/strong><\/p>\n<p style=\"text-align: center;\"><b>18.5.1998 \u2013 29.6.2008<br \/>\nchovn\u00e1 fena\/stud bitch, 33 cm<br \/>\nnorovac\u00ed zkou\u0161ky (pln\u00fd po\u010det bod\u016f)\/fox exam, agility A2,coursing<\/b><\/p>\n<p style=\"text-align: center;\"><b>\u010cesk\u00fd \u0161ampion mlad\u00fdch\/Czech Junior Champion<\/b><br \/>\n<b>\u010cesk\u00fd veter\u00e1n \u0161ampion\/Czech Veteran Champion<\/b><br \/>\n<b>Mistr republiky teri\u00e9r\u016f v agility 2006\/Champion republic terrier\u2019s in agility 2006<\/b><br \/>\n<b>4. m\u00edsto Nejlep\u0161\u00ed teri\u00e9r KCHT 2006-kategorie ostatn\u00ed v\u00fdkon \/4. place Best PRT of the KCHT 2006 \u2013 agility<\/b><\/p>\n","protected":false},"excerpt":{"rendered":"<p>ROSE JACK INTERRIS 18.5.1998 \u2013 29.6.2008 chovn\u00e1 fena\/stud bitch, 33 cm norovac\u00ed zkou\u0161ky (pln\u00fd po\u010det bod\u016f)\/fox exam, agility A2,coursing \u010cesk\u00fd \u0161ampion mlad\u00fdch\/Czech Junior Champion \u010cesk\u00fd veter\u00e1n \u0161ampion\/Czech Veteran Champion Mistr republiky teri\u00e9r\u016f v agility 2006\/Champion republic terrier\u2019s in agility 2006 4. m\u00edsto Nejlep\u0161\u00ed teri\u00e9r KCHT 2006-kategorie ostatn\u00ed v\u00fdkon \/4. place Best PRT of the KCHT &hellip; <a href=\"https:\/\/www.cernyfaun.cz\/?page_id=353\" class=\"more-link\">Pokra\u010dov\u00e1n\u00ed textu <span class=\"screen-reader-text\">ROSE JACK INTERRIS<\/span><\/a><\/p>\n","protected":false},"author":2,"featured_media":0,"parent":212,"menu_order":0,"comment_status":"closed","ping_status":"closed","template":"","meta":{"_monsterinsights_skip_tracking":false,"_monsterinsights_sitenote_active":false,"_monsterinsights_sitenote_note":"","_monsterinsights_sitenote_category":0,"footnotes":""},"_links":{"self":[{"href":"https:\/\/www.cernyfaun.cz\/index.php?rest_route=\/wp\/v2\/pages\/353"}],"collection":[{"href":"https:\/\/www.cernyfaun.cz\/index.php?rest_route=\/wp\/v2\/pages"}],"about":[{"href":"https:\/\/www.cernyfaun.cz\/index.php?rest_route=\/wp\/v2\/types\/page"}],"author":[{"embeddable":true,"href":"https:\/\/www.cernyfaun.cz\/index.php?rest_route=\/wp\/v2\/users\/2"}],"replies":[{"embeddable":true,"href":"https:\/\/www.cernyfaun.cz\/index.php?rest_route=%2Fwp%2Fv2%2Fcomments&post=353"}],"version-history":[{"count":1,"href":"https:\/\/www.cernyfaun.cz\/index.php?rest_route=\/wp\/v2\/pages\/353\/revisions"}],"predecessor-version":[{"id":354,"href":"https:\/\/www.cernyfaun.cz\/index.php?rest_route=\/wp\/v2\/pages\/353\/revisions\/354"}],"up":[{"embeddable":true,"href":"https:\/\/www.cernyfaun.cz\/index.php?rest_route=\/wp\/v2\/pages\/212"}],"wp:attachment":[{"href":"https:\/\/www.cernyfaun.cz\/index.php?rest_route=%2Fwp%2Fv2%2Fmedia&parent=353"}],"curies":[{"name":"wp","href":"https:\/\/api.w.org\/{rel}","templated":true}]}}