{"id":355,"date":"2015-01-30T14:32:55","date_gmt":"2015-01-30T14:32:55","guid":{"rendered":"http:\/\/www.cernyfaun.cz\/?page_id=355"},"modified":"2015-01-30T14:32:55","modified_gmt":"2015-01-30T14:32:55","slug":"jingle-bell-cerny-faun","status":"publish","type":"page","link":"https:\/\/www.cernyfaun.cz\/?page_id=355","title":{"rendered":"JINGLE BELL \u010cERN\u00dd FAUN"},"content":{"rendered":"<p style=\"text-align: center;\"><a href=\"http:\/\/www.cernyfaun.cz\/wp-content\/uploads\/2015\/01\/jingle13.jpg\"><img loading=\"lazy\" decoding=\"async\" class=\"aligncenter size-medium wp-image-225\" src=\"http:\/\/www.cernyfaun.cz\/wp-content\/uploads\/2015\/01\/jingle13-300x201.jpg\" alt=\"jingle13\" width=\"300\" height=\"201\" srcset=\"https:\/\/www.cernyfaun.cz\/wp-content\/uploads\/2015\/01\/jingle13-300x201.jpg 300w, https:\/\/www.cernyfaun.cz\/wp-content\/uploads\/2015\/01\/jingle13.jpg 567w\" sizes=\"(max-width: 300px) 100vw, 300px\" \/><\/a><\/p>\n<p style=\"text-align: center;\"><span style=\"color: #000000; font-family: 'Comic Sans MS'; font-size: large;\"><b>JINGLE BELL \u010cERN\u00dd FAUN<br \/>\n26.12.2001 &#8211; 10.8.2012<br \/>\nchovn\u00e1\/stud bitch, plnochrup\u00e1\/full teeth<br \/>\n50 cm, RTG 0\/0<\/b><\/span><\/p>\n<p><span style=\"color: #000000; font-family: 'Comic Sans MS'; font-size: medium;\"><b>Inter\u0161ampion\/Interchampion<\/b><\/span><br \/>\n<span style=\"color: #000000; font-family: 'Comic Sans MS'; font-size: medium;\"><b>\u010cesk\u00fd \u0161ampion\/Czech Champion<\/b><\/span><br \/>\n<span style=\"color: #000000; font-family: 'Comic Sans MS'; font-size: medium;\"><b>\u0161ampion Bosny a Hercegoviny\/Champion BIH<\/b><\/span><br \/>\n<span style=\"color: #000000; font-family: 'Comic Sans MS'; font-size: medium;\"><b>\u010cesk\u00fd klubov\u00fd \u0161ampion\/Czech Club Champion<\/b><\/span><br \/>\n<span style=\"color: #000000; font-family: 'Comic Sans MS'; font-size: medium;\"><b>\u010cesk\u00fd \u0161ampion mlad\u00fdch\/Czech Junior Champion<\/b><\/span><br \/>\n<span style=\"color: #000000; font-family: 'Comic Sans MS'; font-size: medium;\"><b>spln\u011bny podm\u00ednky pro ud\u011blen\u00ed titulu Pracovn\u00ed \u0161ampion\/Working Champion<\/b><\/span><br \/>\n<span style=\"color: #000000; font-family: 'Comic Sans MS'; font-size: medium;\"><b>BIG, BOB<\/b><\/span><br \/>\n<span style=\"color: #000000; font-family: 'Comic Sans MS'; font-size: medium;\"><b>4xR.CACIB<\/b><\/span><br \/>\n<span style=\"color: #000000; font-family: 'Comic Sans MS'; font-size: medium;\"><b>5xCAC(CZ), 2xCAC(SR), 2xCAC(BIH), CWC(PL), CACA(\u00d6)<\/b><\/span><br \/>\n<span style=\"color: #000000; font-family: 'Comic Sans MS'; font-size: medium;\"><b>4xR.CAC(CZ), 2XR.CAC(SR)<\/b><\/span><br \/>\n<span style=\"color: #000000; font-family: 'Comic Sans MS'; font-size: medium;\"><b>2xCAJC<\/b><\/span><br \/>\n<span style=\"color: #000000; font-family: 'Comic Sans MS'; font-size: medium;\"><b>agility LA 2<\/b><\/span><br \/>\n<span style=\"color: #000000; font-family: 'Comic Sans MS'; font-size: medium;\"><b>ZVOP\/herding instinct test<\/b><\/span><\/p>\n","protected":false},"excerpt":{"rendered":"<p>JINGLE BELL \u010cERN\u00dd FAUN 26.12.2001 &#8211; 10.8.2012 chovn\u00e1\/stud bitch, plnochrup\u00e1\/full teeth 50 cm, RTG 0\/0 Inter\u0161ampion\/Interchampion \u010cesk\u00fd \u0161ampion\/Czech Champion \u0161ampion Bosny a Hercegoviny\/Champion BIH \u010cesk\u00fd klubov\u00fd \u0161ampion\/Czech Club Champion \u010cesk\u00fd \u0161ampion mlad\u00fdch\/Czech Junior Champion spln\u011bny podm\u00ednky pro ud\u011blen\u00ed titulu Pracovn\u00ed \u0161ampion\/Working Champion BIG, BOB 4xR.CACIB 5xCAC(CZ), 2xCAC(SR), 2xCAC(BIH), CWC(PL), CACA(\u00d6) 4xR.CAC(CZ), 2XR.CAC(SR) 2xCAJC agility LA &hellip; <a href=\"https:\/\/www.cernyfaun.cz\/?page_id=355\" class=\"more-link\">Pokra\u010dov\u00e1n\u00ed textu <span class=\"screen-reader-text\">JINGLE BELL \u010cERN\u00dd FAUN<\/span><\/a><\/p>\n","protected":false},"author":2,"featured_media":0,"parent":0,"menu_order":0,"comment_status":"open","ping_status":"open","template":"","meta":{"_monsterinsights_skip_tracking":false,"_monsterinsights_sitenote_active":false,"_monsterinsights_sitenote_note":"","_monsterinsights_sitenote_category":0,"footnotes":""},"_links":{"self":[{"href":"https:\/\/www.cernyfaun.cz\/index.php?rest_route=\/wp\/v2\/pages\/355"}],"collection":[{"href":"https:\/\/www.cernyfaun.cz\/index.php?rest_route=\/wp\/v2\/pages"}],"about":[{"href":"https:\/\/www.cernyfaun.cz\/index.php?rest_route=\/wp\/v2\/types\/page"}],"author":[{"embeddable":true,"href":"https:\/\/www.cernyfaun.cz\/index.php?rest_route=\/wp\/v2\/users\/2"}],"replies":[{"embeddable":true,"href":"https:\/\/www.cernyfaun.cz\/index.php?rest_route=%2Fwp%2Fv2%2Fcomments&post=355"}],"version-history":[{"count":1,"href":"https:\/\/www.cernyfaun.cz\/index.php?rest_route=\/wp\/v2\/pages\/355\/revisions"}],"predecessor-version":[{"id":356,"href":"https:\/\/www.cernyfaun.cz\/index.php?rest_route=\/wp\/v2\/pages\/355\/revisions\/356"}],"wp:attachment":[{"href":"https:\/\/www.cernyfaun.cz\/index.php?rest_route=%2Fwp%2Fv2%2Fmedia&parent=355"}],"curies":[{"name":"wp","href":"https:\/\/api.w.org\/{rel}","templated":true}]}}