{"id":357,"date":"2015-01-30T14:34:11","date_gmt":"2015-01-30T14:34:11","guid":{"rendered":"http:\/\/www.cernyfaun.cz\/?page_id=357"},"modified":"2015-02-08T19:51:33","modified_gmt":"2015-02-08T19:51:33","slug":"hooper-cerny-faun","status":"publish","type":"page","link":"https:\/\/www.cernyfaun.cz\/?page_id=357","title":{"rendered":"HOOPER \u010cERN\u00dd FAUN"},"content":{"rendered":"<p style=\"text-align: center;\"><a href=\"http:\/\/www.cernyfaun.cz\/wp-content\/uploads\/2015\/01\/hooper2.jpg\"><img loading=\"lazy\" decoding=\"async\" class=\"aligncenter size-full wp-image-224\" src=\"http:\/\/www.cernyfaun.cz\/wp-content\/uploads\/2015\/01\/hooper2.jpg\" alt=\"hooper2\" width=\"269\" height=\"198\" \/><\/a><\/p>\n<p style=\"text-align: center;\"><span style=\"color: #000000; font-family: 'Comic Sans MS'; font-size: large;\"><b>HOOPER BLACK \u010cERN\u00dd FAUN<br \/>\nnar.19.12.1995, RTG 0\/0 (HD A\/A), o\u010dn\u00ed testy negativn\u00ed\/ CEA\/PRA\/KAT neg.<\/b><\/span><\/p>\n<p><span style=\"color: #000000; font-family: 'Comic Sans MS'; font-size: medium;\"><b>InterChampion<\/b><\/span><br \/>\n<span style=\"color: #000000; font-family: 'Comic Sans MS'; font-size: medium;\"><b>CZChampion, \u00d6Champion, SRChampion, PLChampion<\/b><\/span><br \/>\n<span style=\"color: #000000; font-family: 'Comic Sans MS'; font-size: medium;\"><b>WorkChampion<\/b><\/span><br \/>\n<span style=\"color: #000000; font-family: 'Comic Sans MS'; font-size: medium;\"><b>CZClubChampion, SRClubChampion<\/b><\/span><br \/>\n<span style=\"color: #000000; font-family: 'Comic Sans MS'; font-size: medium;\"><b>CZJChampion, PLJChampion, SRClubJChampion<\/b><\/span><br \/>\n<span style=\"color: #000000; font-family: 'Comic Sans MS'; font-size: medium;\"><b>CZBeardie 1998 : II. m\u00edsto, 1999: III.m\u00edsto<\/b><\/span><br \/>\n<span style=\"color: #000000; font-family: 'Comic Sans MS'; font-size: medium;\"><b>V\u00edt\u011bz Memori\u00e1lu Milana Karena 1998 a 2000<\/b><\/span><br \/>\n<span style=\"color: #000000; font-family: 'Comic Sans MS'; font-size: medium;\"><b>zkou\u0161ka vloh ov\u010d\u00e1ck\u00e9ho psa &#8211; Sheepdog Ability Trial<\/b><\/span><br \/>\n<span style=\"color: #000000; font-family: 'Comic Sans MS'; font-size: medium;\"><b>agility 2000: V\u00edcemistr Polska v dru\u017estvech, II. m\u00edsto v Evropsk\u00e9m poh\u00e1ru v dru\u017estvech<\/b><\/span><br \/>\n<span style=\"color: #000000; font-family: 'Comic Sans MS'; font-size: medium;\"><b>agility 2001:CZ Working Beardie &#8211; psi: 1. m\u00edsto, 5.m\u00edsto na MR bearded colli\u00ed \u010cR<\/b><\/span><\/p>\n","protected":false},"excerpt":{"rendered":"<p>HOOPER BLACK \u010cERN\u00dd FAUN nar.19.12.1995, RTG 0\/0 (HD A\/A), o\u010dn\u00ed testy negativn\u00ed\/ CEA\/PRA\/KAT neg. InterChampion CZChampion, \u00d6Champion, SRChampion, PLChampion WorkChampion CZClubChampion, SRClubChampion CZJChampion, PLJChampion, SRClubJChampion CZBeardie 1998 : II. m\u00edsto, 1999: III.m\u00edsto V\u00edt\u011bz Memori\u00e1lu Milana Karena 1998 a 2000 zkou\u0161ka vloh ov\u010d\u00e1ck\u00e9ho psa &#8211; Sheepdog Ability Trial agility 2000: V\u00edcemistr Polska v dru\u017estvech, II. m\u00edsto &hellip; <a href=\"https:\/\/www.cernyfaun.cz\/?page_id=357\" class=\"more-link\">Pokra\u010dov\u00e1n\u00ed textu <span class=\"screen-reader-text\">HOOPER \u010cERN\u00dd FAUN<\/span><\/a><\/p>\n","protected":false},"author":2,"featured_media":0,"parent":212,"menu_order":0,"comment_status":"closed","ping_status":"closed","template":"","meta":{"_monsterinsights_skip_tracking":false,"_monsterinsights_sitenote_active":false,"_monsterinsights_sitenote_note":"","_monsterinsights_sitenote_category":0,"footnotes":""},"_links":{"self":[{"href":"https:\/\/www.cernyfaun.cz\/index.php?rest_route=\/wp\/v2\/pages\/357"}],"collection":[{"href":"https:\/\/www.cernyfaun.cz\/index.php?rest_route=\/wp\/v2\/pages"}],"about":[{"href":"https:\/\/www.cernyfaun.cz\/index.php?rest_route=\/wp\/v2\/types\/page"}],"author":[{"embeddable":true,"href":"https:\/\/www.cernyfaun.cz\/index.php?rest_route=\/wp\/v2\/users\/2"}],"replies":[{"embeddable":true,"href":"https:\/\/www.cernyfaun.cz\/index.php?rest_route=%2Fwp%2Fv2%2Fcomments&post=357"}],"version-history":[{"count":1,"href":"https:\/\/www.cernyfaun.cz\/index.php?rest_route=\/wp\/v2\/pages\/357\/revisions"}],"predecessor-version":[{"id":358,"href":"https:\/\/www.cernyfaun.cz\/index.php?rest_route=\/wp\/v2\/pages\/357\/revisions\/358"}],"up":[{"embeddable":true,"href":"https:\/\/www.cernyfaun.cz\/index.php?rest_route=\/wp\/v2\/pages\/212"}],"wp:attachment":[{"href":"https:\/\/www.cernyfaun.cz\/index.php?rest_route=%2Fwp%2Fv2%2Fmedia&parent=357"}],"curies":[{"name":"wp","href":"https:\/\/api.w.org\/{rel}","templated":true}]}}