{"id":40,"date":"2014-12-30T09:12:26","date_gmt":"2014-12-30T09:12:26","guid":{"rendered":"http:\/\/www.cernyfaun.cz\/?page_id=40"},"modified":"2016-01-16T21:09:56","modified_gmt":"2016-01-16T21:09:56","slug":"chovni-psi","status":"publish","type":"page","link":"https:\/\/www.cernyfaun.cz\/?page_id=40","title":{"rendered":"CHOVN\u00cd PSI \/ STUD DOG&#8217;S"},"content":{"rendered":"<p style=\"text-align: center;\"><a href=\"http:\/\/www.cernyfaun.cz\/wp-content\/uploads\/mvppraha0811.jpg\"><img loading=\"lazy\" decoding=\"async\" class=\"aligncenter size-medium wp-image-727\" src=\"http:\/\/www.cernyfaun.cz\/wp-content\/uploads\/mvppraha0811-300x186.jpg\" alt=\"mvppraha081\" width=\"300\" height=\"186\" srcset=\"https:\/\/www.cernyfaun.cz\/wp-content\/uploads\/mvppraha0811-300x186.jpg 300w, https:\/\/www.cernyfaun.cz\/wp-content\/uploads\/mvppraha0811-825x510.jpg 825w, https:\/\/www.cernyfaun.cz\/wp-content\/uploads\/mvppraha0811.jpg 850w\" sizes=\"(max-width: 300px) 100vw, 300px\" \/><\/a><\/p>\n<p style=\"text-align: center;\"><a title=\"CHIVAS REGAL \u010cERN\u00dd FAUN\" href=\"http:\/\/www.cernyfaun.cz\/?page_id=286\">CHIVAS REGALL \u010cERN\u00dd FAUN<\/a><\/p>\n<p style=\"text-align: center;\"><a title=\"LEONARDO DA VINCI \u010cERN\u00dd FAUN\" href=\"http:\/\/www.cernyfaun.cz\/?page_id=282\">LEONARDO DA VINCI \u010cERN\u00dd FAUN<\/a><\/p>\n<p style=\"text-align: center;\"><a title=\"NEWTON \u010cERN\u00dd FAUN\" href=\"http:\/\/www.cernyfaun.cz\/?page_id=280\">NEWTON \u010cERN\u00dd FAUN<\/a><\/p>\n<p style=\"text-align: center;\"><a title=\"PYTHAGORAS \u010cERN\u00dd FAUN\" href=\"http:\/\/www.cernyfaun.cz\/?page_id=804\">PYTHAGORAS \u010cERN\u00dd FAUN<\/a><\/p>\n<p style=\"text-align: center;\">\n","protected":false},"excerpt":{"rendered":"<p>CHIVAS REGALL \u010cERN\u00dd FAUN LEONARDO DA VINCI \u010cERN\u00dd FAUN NEWTON \u010cERN\u00dd FAUN PYTHAGORAS \u010cERN\u00dd FAUN<\/p>\n","protected":false},"author":1,"featured_media":0,"parent":0,"menu_order":0,"comment_status":"closed","ping_status":"closed","template":"","meta":{"_monsterinsights_skip_tracking":false,"_monsterinsights_sitenote_active":false,"_monsterinsights_sitenote_note":"","_monsterinsights_sitenote_category":0,"footnotes":""},"_links":{"self":[{"href":"https:\/\/www.cernyfaun.cz\/index.php?rest_route=\/wp\/v2\/pages\/40"}],"collection":[{"href":"https:\/\/www.cernyfaun.cz\/index.php?rest_route=\/wp\/v2\/pages"}],"about":[{"href":"https:\/\/www.cernyfaun.cz\/index.php?rest_route=\/wp\/v2\/types\/page"}],"author":[{"embeddable":true,"href":"https:\/\/www.cernyfaun.cz\/index.php?rest_route=\/wp\/v2\/users\/1"}],"replies":[{"embeddable":true,"href":"https:\/\/www.cernyfaun.cz\/index.php?rest_route=%2Fwp%2Fv2%2Fcomments&post=40"}],"version-history":[{"count":9,"href":"https:\/\/www.cernyfaun.cz\/index.php?rest_route=\/wp\/v2\/pages\/40\/revisions"}],"predecessor-version":[{"id":1129,"href":"https:\/\/www.cernyfaun.cz\/index.php?rest_route=\/wp\/v2\/pages\/40\/revisions\/1129"}],"wp:attachment":[{"href":"https:\/\/www.cernyfaun.cz\/index.php?rest_route=%2Fwp%2Fv2%2Fmedia&parent=40"}],"curies":[{"name":"wp","href":"https:\/\/api.w.org\/{rel}","templated":true}]}}