{"id":804,"date":"2016-01-16T21:08:44","date_gmt":"2016-01-16T21:08:44","guid":{"rendered":"http:\/\/www.cernyfaun.cz\/?page_id=804"},"modified":"2016-01-16T21:08:44","modified_gmt":"2016-01-16T21:08:44","slug":"pythagoras-cerny-faun","status":"publish","type":"page","link":"https:\/\/www.cernyfaun.cz\/?page_id=804","title":{"rendered":"PYTHAGORAS \u010cERN\u00dd FAUN"},"content":{"rendered":"<p style=\"text-align: center;\"><a href=\"http:\/\/www.cernyfaun.cz\/wp-content\/uploads\/pythagoras21.jpg\"><img loading=\"lazy\" decoding=\"async\" class=\"aligncenter size-medium wp-image-551\" src=\"http:\/\/www.cernyfaun.cz\/wp-content\/uploads\/pythagoras21-289x300.jpg\" alt=\"pythagoras21\" width=\"289\" height=\"300\" srcset=\"https:\/\/www.cernyfaun.cz\/wp-content\/uploads\/pythagoras21-289x300.jpg 289w, https:\/\/www.cernyfaun.cz\/wp-content\/uploads\/pythagoras21-986x1024.jpg 986w\" sizes=\"(max-width: 289px) 100vw, 289px\" \/><\/a><\/p>\n<p style=\"text-align: center;\">\n<p style=\"text-align: center;\"><span style=\"font-size: 18pt;\"><span style=\"font-size: 14pt;\"><strong>PYTHAGORAS \u010cERN\u00dd FAUN<\/strong><\/span><\/span><\/p>\n<p style=\"text-align: center;\">majitel: Olga Puverlov\u00e1<\/p>\n<p style=\"text-align: center;\"><strong>* 12.2.2013, 36 cm, plnochrup\u00fd\/ful teeth, chovn\u00fd pes\/stud dog<\/strong><\/p>\n<p style=\"text-align: center;\">patella 0\/0<\/p>\n<p style=\"text-align: center;\">CAC, CACIB, CAC \u010cMKU, CC<\/p>\n<p style=\"text-align: center;\">kvalifikace Cruft<\/p>\n<p style=\"text-align: center;\">\n<p style=\"text-align: center;\">\n<table border=\"4\" width=\"100%\" cellpadding=\"0\">\n<tbody>\n<tr>\n<td rowspan=\"8\" width=\"160\"><span style=\"color: #000000; font-family: 'times new roman', times;\">IntCh.,MultiCh. Kasper \u010cern\u00fd faun<\/span><\/td>\n<td rowspan=\"4\" width=\"160\"><span style=\"color: #000000; font-family: 'times new roman', times;\">IntCh. Lester von Wallmichrath<\/span><\/td>\n<td rowspan=\"2\" width=\"160\"><span style=\"color: #000000; font-family: 'times new roman', times;\">Ch. Dragonheart Goofy<\/span><\/td>\n<td width=\"200\"><span style=\"color: #000000; font-family: 'times new roman', times; font-size: small;\">Dragonheart Astrix<\/span><\/td>\n<\/tr>\n<tr>\n<td width=\"200\"><span style=\"color: #000000; font-family: 'times new roman', times; font-size: small;\">Rednock Sweet Sina<\/span><\/td>\n<\/tr>\n<tr>\n<td rowspan=\"2\" width=\"160\"><span style=\"color: #000000; font-family: 'times new roman', times;\">Elfe von Wallmichrath<\/span><\/td>\n<td width=\"200\"><span style=\"color: #000000; font-family: 'times new roman', times; font-size: small;\">MultiCh. Tullisless Lancer<\/span><\/td>\n<\/tr>\n<tr>\n<td width=\"200\"><span style=\"color: #000000; font-family: 'times new roman', times; font-size: small;\">Malepartus Medley<\/span><\/td>\n<\/tr>\n<tr>\n<td rowspan=\"4\" width=\"160\"><span style=\"color: #000000; font-family: 'times new roman', times;\">IntCh., MultiCh. Haide\u00e9 \u010cern\u00fd faun<\/span><\/td>\n<td rowspan=\"2\" width=\"160\"><span style=\"color: #000000; font-family: 'times new roman', times;\">MultiCh., IntCh. Frodo \u010cern\u00fd faun<\/span><\/td>\n<td width=\"200\"><span style=\"color: #000000; font-family: 'times new roman', times; font-size: small;\">Snowman So Nice of Sweet Surprise<\/span><\/td>\n<\/tr>\n<tr>\n<td width=\"200\"><span style=\"color: #000000; font-family: 'times new roman', times; font-size: small;\">Rose Jack Interris<\/span><\/td>\n<\/tr>\n<tr>\n<td rowspan=\"2\" width=\"160\"><span style=\"color: #000000; font-family: 'times new roman', times;\">Ch.Count on me of Sweet Surprise<\/span><\/td>\n<td width=\"200\"><span style=\"color: #000000; font-family: 'times new roman', times; font-size: small;\">Balko vom Seewald<\/span><\/td>\n<\/tr>\n<tr>\n<td width=\"200\"><span style=\"color: #000000; font-family: 'times new roman', times; font-size: small;\">MultiCh. Norlund Nicola<\/span><\/td>\n<\/tr>\n<tr>\n<td rowspan=\"8\" width=\"160\"><span style=\"color: #000000; font-family: 'times new roman', times;\">IntCh., MultiCh. Ginger \u010cern\u00fd faun<\/span><\/td>\n<td rowspan=\"4\" width=\"160\"><span style=\"color: #000000; font-family: 'times new roman', times;\">Barsetta Want to Be Buster<\/span><\/td>\n<td rowspan=\"2\" width=\"160\"><span style=\"color: #000000; font-family: 'times new roman', times;\">Barsetta Wampire<\/span><\/td>\n<td width=\"200\"><span style=\"color: #000000; font-family: 'times new roman', times; font-size: small;\">Hoelio Prince<\/span><\/td>\n<\/tr>\n<tr>\n<td width=\"200\"><span style=\"color: #000000; font-family: 'times new roman', times; font-size: small;\">Barsetta Kate<\/span><\/td>\n<\/tr>\n<tr>\n<td rowspan=\"2\" width=\"160\"><span style=\"color: #000000; font-family: 'times new roman', times;\">Barsetta X-Cite<\/span><\/td>\n<td width=\"200\"><span style=\"color: #000000; font-family: 'times new roman', times; font-size: small;\">Digmoor Taffy from Barsetta<\/span><\/td>\n<\/tr>\n<tr>\n<td width=\"200\"><span style=\"color: #000000; font-family: 'times new roman', times; font-size: small;\">Barsetta Niece<\/span><\/td>\n<\/tr>\n<tr>\n<td rowspan=\"4\" width=\"160\"><span style=\"color: #000000; font-family: 'times new roman', times;\">JCh.Rose Jack Interris<\/span><\/td>\n<td rowspan=\"2\" width=\"160\"><span style=\"color: #000000; font-family: 'times new roman', times;\">MultiCh. Reynwood Rupert<\/span><\/td>\n<td width=\"200\"><span style=\"color: #000000; font-family: 'times new roman', times; font-size: small;\">Glenholm Erik of Belmorr<\/span><\/td>\n<\/tr>\n<tr>\n<td width=\"200\"><span style=\"color: #000000; font-family: 'times new roman', times; font-size: small;\">Ridley Rowena of Reynwood<\/span><\/td>\n<\/tr>\n<tr>\n<td rowspan=\"2\" width=\"160\"><span style=\"color: #000000; font-family: 'times new roman', times;\">Ch. Meggie von der Heulisse<\/span><\/td>\n<td width=\"200\"><span style=\"color: #000000; font-family: 'times new roman', times; font-size: small;\">Ch.Burberry of Highfast<\/span><\/td>\n<\/tr>\n<tr>\n<td width=\"200\"><span style=\"color: #000000; font-family: 'times new roman', times; font-size: small;\">Ch.Nizzy of Highfast<\/span><\/td>\n<\/tr>\n<\/tbody>\n<\/table>\n","protected":false},"excerpt":{"rendered":"<p>PYTHAGORAS \u010cERN\u00dd FAUN majitel: Olga Puverlov\u00e1 * 12.2.2013, 36 cm, plnochrup\u00fd\/ful teeth, chovn\u00fd pes\/stud dog patella 0\/0 CAC, CACIB, CAC \u010cMKU, CC kvalifikace Cruft IntCh.,MultiCh. Kasper \u010cern\u00fd faun IntCh. Lester von Wallmichrath Ch. Dragonheart Goofy Dragonheart Astrix Rednock Sweet Sina Elfe von Wallmichrath MultiCh. Tullisless Lancer Malepartus Medley IntCh., MultiCh. Haide\u00e9 \u010cern\u00fd faun MultiCh., IntCh. &hellip; <a href=\"https:\/\/www.cernyfaun.cz\/?page_id=804\" class=\"more-link\">Pokra\u010dov\u00e1n\u00ed textu <span class=\"screen-reader-text\">PYTHAGORAS \u010cERN\u00dd FAUN<\/span><\/a><\/p>\n","protected":false},"author":2,"featured_media":0,"parent":0,"menu_order":0,"comment_status":"closed","ping_status":"open","template":"","meta":{"_monsterinsights_skip_tracking":false,"_monsterinsights_sitenote_active":false,"_monsterinsights_sitenote_note":"","_monsterinsights_sitenote_category":0,"footnotes":""},"_links":{"self":[{"href":"https:\/\/www.cernyfaun.cz\/index.php?rest_route=\/wp\/v2\/pages\/804"}],"collection":[{"href":"https:\/\/www.cernyfaun.cz\/index.php?rest_route=\/wp\/v2\/pages"}],"about":[{"href":"https:\/\/www.cernyfaun.cz\/index.php?rest_route=\/wp\/v2\/types\/page"}],"author":[{"embeddable":true,"href":"https:\/\/www.cernyfaun.cz\/index.php?rest_route=\/wp\/v2\/users\/2"}],"replies":[{"embeddable":true,"href":"https:\/\/www.cernyfaun.cz\/index.php?rest_route=%2Fwp%2Fv2%2Fcomments&post=804"}],"version-history":[{"count":4,"href":"https:\/\/www.cernyfaun.cz\/index.php?rest_route=\/wp\/v2\/pages\/804\/revisions"}],"predecessor-version":[{"id":1128,"href":"https:\/\/www.cernyfaun.cz\/index.php?rest_route=\/wp\/v2\/pages\/804\/revisions\/1128"}],"wp:attachment":[{"href":"https:\/\/www.cernyfaun.cz\/index.php?rest_route=%2Fwp%2Fv2%2Fmedia&parent=804"}],"curies":[{"name":"wp","href":"https:\/\/api.w.org\/{rel}","templated":true}]}}